{"id":21,"date":"2020-03-12T17:45:35","date_gmt":"2020-03-12T16:45:35","guid":{"rendered":"http:\/\/www.wunderblock.de\/wunderblock\/semaphor\/WP_semaphor\/?page_id=21"},"modified":"2021-01-23T14:38:38","modified_gmt":"2021-01-23T13:38:38","slug":"info","status":"publish","type":"page","link":"https:\/\/www.wunderblock.de\/wunderblock\/semaphor\/WP_semaphor\/info\/","title":{"rendered":"Info"},"content":{"rendered":"<h2><span style=\"color: #ffffff;\">Der t\u00e4towierte Raum:<\/span><\/h2>\n<p><span style=\"color: #ffffff;\">&#8222;&#8230;so da\u00df Welt und Raum einander zu spiegeln schienen, beide sorgf\u00e4ltig mit Hieroglyphen und Ideogrammen illustriert und beide konnten sowohl ein Zeichen als auch kein Zeichen sein&#8230;&#8220;\u00a0\u00a0\u00a0 (Italo Calvino: Cosmicomics)<\/span><\/p>\n<p>&nbsp;<\/p>\n<p><span style=\"color: #ffffff;\"><span lang=\"de\"><a href=\"http:\/\/www.klemens-schreiner.de\" target=\"_blank\" rel=\"noopener\"><span style=\"font-size: 18pt;\"><strong><span style=\"font-size: 24pt;\">Klemens Schreiner<\/span><\/strong><\/span><\/a><\/span><\/span><\/p>\n<p><span style=\"color: #ffffff;\"><span lang=\"de\">g<\/span><span lang=\"de\">eb. 1961, <\/span><span lang=\"de\">Bildhauerausbildung im Handwerk, Studium Ethnologie, Philosophie, Kunstgeschichte<\/span><\/span><\/p>\n<p><span lang=\"de\" style=\"color: #ffffff;\"><a style=\"color: #ffffff;\" href=\"http:\/\/www.atopos.de\" target=\"_blank\" rel=\"noopener noreferrer\">Bildhauerei<\/a><br \/>\n<a style=\"color: #ffffff;\" href=\"http:\/\/www.atopos.de\" target=\"_blank\" rel=\"noopener noreferrer\">Rauminstallation<\/a><br \/>\n<a style=\"color: #ffffff;\" href=\"http:\/\/www.semaphor.org\" target=\"_blank\" rel=\"noopener noreferrer\">Grafik<\/a><br \/>\n<a style=\"color: #ffffff;\" href=\"http:\/\/www.derblickdurchsglas.de\" target=\"_blank\" rel=\"noopener noreferrer\">Fotografie<\/a><br \/>\n<a style=\"color: #ffffff;\" href=\"http:\/\/www.wunderblock.de\/wunderblock\/semaphor\/WP_semaphor\/katalog-von-allem\/\" target=\"_blank\" rel=\"noopener noreferrer\">Zeichnung<\/a><\/span><\/p>\n<p>&nbsp;<\/p>\n<p><span style=\"color: #ffffff;\">Arbeiten:<\/span><\/p>\n<p><span style=\"color: #ffffff;\"><img loading=\"lazy\" class=\"alignnone wp-image-185\" src=\"http:\/\/www.wunderblock.de\/wunderblock\/semaphor\/WP_semaphor\/wp-content\/uploads\/2020\/07\/aufenthalt.k2-300x204.jpg\" alt=\"\" width=\"218\" height=\"148\" srcset=\"https:\/\/www.wunderblock.de\/wunderblock\/semaphor\/WP_semaphor\/wp-content\/uploads\/2020\/07\/aufenthalt.k2-300x204.jpg 300w, https:\/\/www.wunderblock.de\/wunderblock\/semaphor\/WP_semaphor\/wp-content\/uploads\/2020\/07\/aufenthalt.k2-1024x695.jpg 1024w, https:\/\/www.wunderblock.de\/wunderblock\/semaphor\/WP_semaphor\/wp-content\/uploads\/2020\/07\/aufenthalt.k2-768x521.jpg 768w, https:\/\/www.wunderblock.de\/wunderblock\/semaphor\/WP_semaphor\/wp-content\/uploads\/2020\/07\/aufenthalt.k2-1536x1042.jpg 1536w, https:\/\/www.wunderblock.de\/wunderblock\/semaphor\/WP_semaphor\/wp-content\/uploads\/2020\/07\/aufenthalt.k2-2048x1390.jpg 2048w\" sizes=\"(max-width: 218px) 100vw, 218px\" \/>\u00a0 <a style=\"color: #ffffff;\" href=\"http:\/\/www.atopos.de\" target=\"_blank\" rel=\"noopener noreferrer\">www.atopos.de<\/a><\/span><\/p>\n<p><span style=\"color: #ffffff;\"><img loading=\"lazy\" class=\"alignnone wp-image-183\" src=\"http:\/\/www.wunderblock.de\/wunderblock\/semaphor\/WP_semaphor\/wp-content\/uploads\/2020\/07\/Box-300x265.jpg\" alt=\"\" width=\"164\" height=\"145\" srcset=\"https:\/\/www.wunderblock.de\/wunderblock\/semaphor\/WP_semaphor\/wp-content\/uploads\/2020\/07\/Box-300x265.jpg 300w, https:\/\/www.wunderblock.de\/wunderblock\/semaphor\/WP_semaphor\/wp-content\/uploads\/2020\/07\/Box-1024x904.jpg 1024w, https:\/\/www.wunderblock.de\/wunderblock\/semaphor\/WP_semaphor\/wp-content\/uploads\/2020\/07\/Box-768x678.jpg 768w, https:\/\/www.wunderblock.de\/wunderblock\/semaphor\/WP_semaphor\/wp-content\/uploads\/2020\/07\/Box-1536x1356.jpg 1536w, https:\/\/www.wunderblock.de\/wunderblock\/semaphor\/WP_semaphor\/wp-content\/uploads\/2020\/07\/Box.jpg 1805w\" sizes=\"(max-width: 164px) 100vw, 164px\" \/> \u00a0 <a style=\"color: #ffffff;\" href=\"http:\/\/www.derblickdurchsglas.de\" target=\"_blank\" rel=\"noopener noreferrer\">www.derblickdurchsglas.de<\/a><\/span><\/p>\n<p>&nbsp;<\/p>\n","protected":false},"excerpt":{"rendered":"<p>Der t\u00e4towierte Raum: &#8222;&#8230;so da\u00df Welt und Raum einander zu spiegeln schienen, beide sorgf\u00e4ltig mit Hieroglyphen und Ideogrammen illustriert und beide konnten sowohl ein Zeichen als auch kein Zeichen sein&#8230;&#8220;\u00a0\u00a0\u00a0 (Italo Calvino: Cosmicomics) &nbsp; Klemens Schreiner geb. 1961, Bildhauerausbildung im Handwerk, Studium Ethnologie, Philosophie, Kunstgeschichte Bildhauerei Rauminstallation Grafik Fotografie Zeichnung &nbsp; Arbeiten: \u00a0 www.atopos.de \u00a0Continue reading &rarr;<\/p>\n","protected":false},"author":1,"featured_media":0,"parent":0,"menu_order":0,"comment_status":"closed","ping_status":"closed","template":"","meta":[],"_links":{"self":[{"href":"https:\/\/www.wunderblock.de\/wunderblock\/semaphor\/WP_semaphor\/wp-json\/wp\/v2\/pages\/21"}],"collection":[{"href":"https:\/\/www.wunderblock.de\/wunderblock\/semaphor\/WP_semaphor\/wp-json\/wp\/v2\/pages"}],"about":[{"href":"https:\/\/www.wunderblock.de\/wunderblock\/semaphor\/WP_semaphor\/wp-json\/wp\/v2\/types\/page"}],"author":[{"embeddable":true,"href":"https:\/\/www.wunderblock.de\/wunderblock\/semaphor\/WP_semaphor\/wp-json\/wp\/v2\/users\/1"}],"replies":[{"embeddable":true,"href":"https:\/\/www.wunderblock.de\/wunderblock\/semaphor\/WP_semaphor\/wp-json\/wp\/v2\/comments?post=21"}],"version-history":[{"count":29,"href":"https:\/\/www.wunderblock.de\/wunderblock\/semaphor\/WP_semaphor\/wp-json\/wp\/v2\/pages\/21\/revisions"}],"predecessor-version":[{"id":428,"href":"https:\/\/www.wunderblock.de\/wunderblock\/semaphor\/WP_semaphor\/wp-json\/wp\/v2\/pages\/21\/revisions\/428"}],"wp:attachment":[{"href":"https:\/\/www.wunderblock.de\/wunderblock\/semaphor\/WP_semaphor\/wp-json\/wp\/v2\/media?parent=21"}],"curies":[{"name":"wp","href":"https:\/\/api.w.org\/{rel}","templated":true}]}}