{"id":99,"date":"2026-01-02T11:33:57","date_gmt":"2026-01-02T10:33:57","guid":{"rendered":"https:\/\/www.wunderblock.de\/wunderblock\/lori\/?page_id=99"},"modified":"2026-01-02T12:08:18","modified_gmt":"2026-01-02T11:08:18","slug":"kontakt","status":"publish","type":"page","link":"https:\/\/www.wunderblock.de\/wunderblock\/lori\/kontakt\/","title":{"rendered":"Kontakt"},"content":{"rendered":"\n<h2 class=\"has-medium-font-size wp-block-heading\">lorenz-schreiner@web.de<\/h2>\n\n\n\n<h2 class=\"wp-block-heading\">Impressum:<\/h2>\n\n\n\n<p>Notice of liability:<br><br>Despite careful control, I cannot assume any liability for the content of linked pages.<br><br>Copyright:<br><br>All photos on this website are copyrighted material and all rights are reserved. This means you must have permission to use the photos in any way that does not fall under the limited rights granted by the \u201cfair use\u201d clause of the copyright law. \u201cFair use\u201d does not extend to taking the photos and putting them on your own website, even if modified and for non-commercial use.<br><br><br><\/p>\n\n\n\n<h2 class=\"wp-block-heading\">DSGVO<\/h2>\n\n\n\n<p>Ich nehme den Schutz Ihrer pers\u00f6nlichen Daten sehr ernst. Ich behandle Ihre personenbezogenen Daten vertraulich und entsprechend der gesetzlichen Datenschutzvorschriften sowie dieser Datenschutzerkl\u00e4rung. Ich m\u00f6chte Sie hiermit \u00fcber die Verarbeitung von personenbezogenen Daten auf dieser Website informieren. Ich verarbeitee Ihre pers\u00f6nlichen Daten nur, wenn Sie hierin eingewilligt haben oder hier eine gesetzliche Grundlage besteht. Verantwortlich f\u00fcr die Verarbeitung der personenbezogenen Daten ist<br><br>Herr Lorenz Schreiner, Jurastr. 22, 85131 Wachenzell, Lorenz.Schreiner@gmx.de<br><br><br><br>Meine Website dient der Bereitstellung von Informationen \u00fcber meine k\u00fcnstlerische Arbeit. Personenbezogenen Daten (Z.B. Vor-, Nachname, E-Mail-Adresse, Telefonnummer etc.) werden auf dieser Website nicht erhoben. Beim Besuch meiner Website werden durch den auf Ihrem Endger\u00e4t zum Einsatz kommenden Browser Informationen an den Server unserer Website gesendet. Diese Informationen werden tempor\u00e4r in den Logfiles des Servers gespeichert. Folgende Informationen werden dabei erhoben:<br><br>IP-Adresse des anfragenden Rechners,<br>Datum und Uhrzeit des Zugriffs,<br>Name und URL der abgerufenen Datei,<br>zuvor besuchte Webseite (Referrer-URL),<br>verwendeter Browser und ggf. das Betriebssystem Ihres Rechners sowie der Name Ihres Access-Providers.<\/p>\n","protected":false},"excerpt":{"rendered":"<p>lorenz-schreiner@web.de Impressum: Notice of liability: Despite careful control, I cannot assume any liability for the content of linked pages. Copyright: All photos on this website are copyrighted material and all rights are reserved. This means you must have permission to use the photos in any way that does not fall under the limited rights grantedContinue reading &rarr;<\/p>\n","protected":false},"author":1,"featured_media":0,"parent":0,"menu_order":0,"comment_status":"closed","ping_status":"closed","template":"","meta":{"_vp_format_video_url":"","_vp_image_focal_point":[],"footnotes":""},"class_list":["post-99","page","type-page","status-publish","hentry","no-thumb"],"_links":{"self":[{"href":"https:\/\/www.wunderblock.de\/wunderblock\/lori\/wp-json\/wp\/v2\/pages\/99","targetHints":{"allow":["GET"]}}],"collection":[{"href":"https:\/\/www.wunderblock.de\/wunderblock\/lori\/wp-json\/wp\/v2\/pages"}],"about":[{"href":"https:\/\/www.wunderblock.de\/wunderblock\/lori\/wp-json\/wp\/v2\/types\/page"}],"author":[{"embeddable":true,"href":"https:\/\/www.wunderblock.de\/wunderblock\/lori\/wp-json\/wp\/v2\/users\/1"}],"replies":[{"embeddable":true,"href":"https:\/\/www.wunderblock.de\/wunderblock\/lori\/wp-json\/wp\/v2\/comments?post=99"}],"version-history":[{"count":3,"href":"https:\/\/www.wunderblock.de\/wunderblock\/lori\/wp-json\/wp\/v2\/pages\/99\/revisions"}],"predecessor-version":[{"id":106,"href":"https:\/\/www.wunderblock.de\/wunderblock\/lori\/wp-json\/wp\/v2\/pages\/99\/revisions\/106"}],"wp:attachment":[{"href":"https:\/\/www.wunderblock.de\/wunderblock\/lori\/wp-json\/wp\/v2\/media?parent=99"}],"curies":[{"name":"wp","href":"https:\/\/api.w.org\/{rel}","templated":true}]}}