{"id":97,"date":"2026-01-02T11:31:37","date_gmt":"2026-01-02T10:31:37","guid":{"rendered":"https:\/\/www.wunderblock.de\/wunderblock\/lori\/?page_id=97"},"modified":"2026-01-02T12:35:33","modified_gmt":"2026-01-02T11:35:33","slug":"vita","status":"publish","type":"page","link":"https:\/\/www.wunderblock.de\/wunderblock\/lori\/vita\/","title":{"rendered":"Vita"},"content":{"rendered":"\n<p>\u00dcbersicht<\/p>\n\n\n\n<h2 class=\"has-medium-font-size wp-block-heading\">geboren 1986<br><br>2019 Zweites Staatsexamen in Kunstp\u00e4dagogik<br><br>2014 &#8211; 2016 Studium in der Klasse f\u00fcr interdisziplin\u00e4re Projekte bei Prof. Res Ingold an der Akademie der Bildenden K\u00fcnste M\u00fcnchen, Abschluss mit dem Ersten Staatsexamen in Kunstp\u00e4dagogik<br><br>2013 Diplom der Bildenden Kunst, Hochschule f\u00fcr Grafik und Buchkunst Leipzig<br><br>2009 &#8211; 2013 Studium der Medienkunst bei Prof. G\u00fcnther Selichar an der Hochschule f\u00fcr Grafik und Buchkunst Leipzig<br><br>2011 Studium am National Collage of Art and Design, Dublin<br><br>2009 Austauschstipendium des Goethe-Instituts, University of Lebanon, Tripoly<br><br>2007 &#8211; 2009 Studium der Medienkunst bei Prof. Christin Lahr an der Hochschule f\u00fcr Grafik und Buchkunst Leipzig<br><br>2006 Abitur am Gabrieli Gymnasium Eichst\u00e4tt<br><\/h2>\n\n\n\n<h2 class=\"has-large-font-size wp-block-heading\"><strong>Ausstellungen (Auswahl):<\/strong><\/h2>\n\n\n\n<p class=\"has-medium-font-size\"><br><br><strong>2020 <em>#stayhome Filme zum Innen und Au\u00dfen<\/em>, Museum Villa Rot, Burgrieden<br><\/strong><br><strong>2018 <em>Im Komplott<\/em>, Marstall, Starnberg<br><br>2016 <em>Classicism is a dancer<\/em>, Akademie der Bildenden K\u00fcnste, M\u00fcnchen<br><br>2016 <em>Damals auf der Erde<\/em>, Akademie der Bildenden K\u00fcnste, M\u00fcnchen<br><br>2015<em> From Space to Place to Utopia<\/em>, Kreativquatier, M\u00fcnchen<br><br>2015 <em>Raumstation<\/em>, Kunstpavillon, Alter Botansicher Garten, M\u00fcnchen<br><br>2013 <em><a href=\"http:\/\/thesupershow.org\/\">The Supershow<\/a><\/em>, Halle 14, Leipziger Baumwollspinnerei<br><br>2013 <em>Aus sicheren Quellen<\/em>, Hochschule f\u00fcr Grafik und Buchkunst, Leipzig<br><br>2012<em> DLF 1874 &#8211; Die Biografie der Bilder \u2013 Eine Inventur der Voraussetzungen<\/em>, Halle 14, Leipziger Baumwollspinnerei<br><br>2011 <em>PAL Positions<\/em>, Okto.tv, Wien<br><br>2011 <em>Rendered<\/em>, Block T, Dublin<br><br>2010<em> In Public Relation<\/em>, Messehofpassage, Leipzig<br><br>2009 <em>Through the looking glass<\/em>, Safadi foundation, Tripoli (Libanon)<br><br>2009<em> <a href=\"http:\/\/www.hgb-leipzig.de\/untitled\/\">Untiteld<\/a><\/em>, Kunst- und Gewerbeh\u00f6fe Plagwitz, Leipzig<\/strong><br><\/p>\n\n\n\n<h2 class=\"wp-block-heading\">Publikationen:<\/h2>\n\n\n\n<p class=\"has-medium-font-size\"><strong><em>Raumstation<\/em> (Ausstellungskatalog), Herausgeber: Akademie der Bildenden K\u00fcnste M\u00fcnchen, 2015<br><\/strong><\/p>\n\n\n\n<p class=\"has-medium-font-size\"><strong><em>The Supershow &#8211; Eine Ausstellung der Klasse f\u00fcr &#8222;Mass Media Research und Kunst im medialen \u00f6ffentlichen Raum&#8220;<\/em> (Ausstellungskatalog), Herausgeber: G\u00fcnther Selichar + die Klasse f\u00fcr &#8222;Mass Media Research und Kunst im medialen \u00f6ffentlichen Raum &#8222;, HGB Leipzig, Arte Fakt Verlagsanstalt Jena und Bendeleben 2014<br><br><em>DLF 1874 &#8211; Die Biografie der Bilder<\/em> (Ausstellungskatalog), Herausgeber: bmukk, Konzept und Redaktion: Ruth Horak, Verlag Fotohof Edition, Salzburg 2012<br><br><em>Editing Spaces. Reconsidering the Public. An Exhibition in the Public [Media] Space of Vilnius\/ Lithuania<\/em> (Ausstellungskatalog), Herausgeber: G\u00fcnther Selichar, Grafische Werkst\u00e4tten HGB Leipzig 2012<br><br><em>Untiteld<\/em> (Ausstellungskatalog), Herausgeber: Hochschule f\u00fcr Grafik und Buchkunst Leipzig, Konzept und Redaktion: Prof. Christin Lahr, Anja Kempe, Susam Winter, Grafische Werkst\u00e4tten HGB Leipzig 2009<\/strong><\/p>\n","protected":false},"excerpt":{"rendered":"<p>\u00dcbersicht geboren 1986 2019 Zweites Staatsexamen in Kunstp\u00e4dagogik 2014 &#8211; 2016 Studium in der Klasse f\u00fcr interdisziplin\u00e4re Projekte bei Prof. Res Ingold an der Akademie der Bildenden K\u00fcnste M\u00fcnchen, Abschluss mit dem Ersten Staatsexamen in Kunstp\u00e4dagogik 2013 Diplom der Bildenden Kunst, Hochschule f\u00fcr Grafik und Buchkunst Leipzig 2009 &#8211; 2013 Studium der Medienkunst bei Prof.Continue reading &rarr;<\/p>\n","protected":false},"author":1,"featured_media":0,"parent":0,"menu_order":0,"comment_status":"closed","ping_status":"closed","template":"","meta":{"_vp_format_video_url":"","_vp_image_focal_point":[],"footnotes":""},"class_list":["post-97","page","type-page","status-publish","hentry","no-thumb"],"_links":{"self":[{"href":"https:\/\/www.wunderblock.de\/wunderblock\/lori\/wp-json\/wp\/v2\/pages\/97","targetHints":{"allow":["GET"]}}],"collection":[{"href":"https:\/\/www.wunderblock.de\/wunderblock\/lori\/wp-json\/wp\/v2\/pages"}],"about":[{"href":"https:\/\/www.wunderblock.de\/wunderblock\/lori\/wp-json\/wp\/v2\/types\/page"}],"author":[{"embeddable":true,"href":"https:\/\/www.wunderblock.de\/wunderblock\/lori\/wp-json\/wp\/v2\/users\/1"}],"replies":[{"embeddable":true,"href":"https:\/\/www.wunderblock.de\/wunderblock\/lori\/wp-json\/wp\/v2\/comments?post=97"}],"version-history":[{"count":4,"href":"https:\/\/www.wunderblock.de\/wunderblock\/lori\/wp-json\/wp\/v2\/pages\/97\/revisions"}],"predecessor-version":[{"id":125,"href":"https:\/\/www.wunderblock.de\/wunderblock\/lori\/wp-json\/wp\/v2\/pages\/97\/revisions\/125"}],"wp:attachment":[{"href":"https:\/\/www.wunderblock.de\/wunderblock\/lori\/wp-json\/wp\/v2\/media?parent=97"}],"curies":[{"name":"wp","href":"https:\/\/api.w.org\/{rel}","templated":true}]}}