{"id":24,"date":"2020-01-04T20:12:35","date_gmt":"2020-01-04T19:12:35","guid":{"rendered":"http:\/\/www.wunderblock.de\/wunderblock\/buero\/wordpress\/?page_id=24"},"modified":"2020-04-09T09:11:43","modified_gmt":"2020-04-09T07:11:43","slug":"info","status":"publish","type":"page","link":"https:\/\/www.wunderblock.de\/wunderblock\/buero\/wordpress\/info\/","title":{"rendered":"Info"},"content":{"rendered":"\n<p style=\"color:#c02518\" class=\"has-text-color has-text-align-center has-medium-font-size\">Das B\u00fcro f\u00fcr Geschmack und Gestaltung  im Wunderblock<br> bietet solide Voraussetzungen:<\/p>\n\n\n\n<p style=\"color:#c02518\" class=\"has-text-color has-text-align-center has-medium-font-size\">f\u00fcr den jeweiligen Einzigen &amp; sein Eigentum;<br>f\u00fcr spannungsreiche Wohnbereiche;<br>f\u00fcr Doppelb\u00f6den und Wunderkisten im t\u00e4glichen Kasperltheater;<br>f\u00fcr Privatb\u00fchnen, Seelendatschas, ferne Meridiane und fremde Gezeiten;<\/p>\n\n\n\n<div class=\"wp-block-image\"><figure class=\"aligncenter size-large is-resized\"><img loading=\"lazy\" decoding=\"async\" src=\"http:\/\/www.wunderblock.de\/wunderblock\/buero\/wordpress\/wp-content\/uploads\/2020\/01\/Fisch-scaled-e1578849489668-1024x608.jpg\" alt=\"\" class=\"wp-image-257\" width=\"423\" height=\"251\" srcset=\"https:\/\/www.wunderblock.de\/wunderblock\/buero\/wordpress\/wp-content\/uploads\/2020\/01\/Fisch-scaled-e1578849489668-1024x608.jpg 1024w, https:\/\/www.wunderblock.de\/wunderblock\/buero\/wordpress\/wp-content\/uploads\/2020\/01\/Fisch-scaled-e1578849489668-300x178.jpg 300w, https:\/\/www.wunderblock.de\/wunderblock\/buero\/wordpress\/wp-content\/uploads\/2020\/01\/Fisch-scaled-e1578849489668-768x456.jpg 768w, https:\/\/www.wunderblock.de\/wunderblock\/buero\/wordpress\/wp-content\/uploads\/2020\/01\/Fisch-scaled-e1578849489668-1536x911.jpg 1536w, https:\/\/www.wunderblock.de\/wunderblock\/buero\/wordpress\/wp-content\/uploads\/2020\/01\/Fisch-scaled-e1578849489668-2048x1215.jpg 2048w, https:\/\/www.wunderblock.de\/wunderblock\/buero\/wordpress\/wp-content\/uploads\/2020\/01\/Fisch-scaled-e1578849489668-1250x742.jpg 1250w, https:\/\/www.wunderblock.de\/wunderblock\/buero\/wordpress\/wp-content\/uploads\/2020\/01\/Fisch-scaled-e1578849489668-400x237.jpg 400w\" sizes=\"auto, (max-width: 423px) 100vw, 423px\" \/><\/figure><\/div>\n\n\n\n<p style=\"color:#c02518\" class=\"has-text-color has-text-align-center has-medium-font-size\">Jeder Raum ist ein R\u00e4tsel <br>und mit jedem Ort hat es eine Bewandtnis.<\/p>\n\n\n\n<p style=\"color:#c02518\" class=\"has-text-color has-text-align-center has-medium-font-size\">Die besondere Aufmerksamkeit gilt den seelisch-kulturellen Erscheinungen in ihrer materiellen Wirksamkeit und Dramatik (Das Leben als Ernstfall oder als Spiel? Die Sicht auf die Dinge als poetischer Pragmatismus!). <br>Alle Bei-, Einzel- und Pionierst\u00fccke, dramatische Privatb\u00fchnen, Wandermobiliar und Kuckucksnester stehen nach wie vor unter besonderer Ber\u00fccksichtigung des modernen Migrationszwanges sowie der verborgenen Alltagsmysterien .<\/p>\n\n\n\n<p style=\"color:#c02518\" class=\"has-text-color has-text-align-center has-medium-font-size\">Mit vorz\u00fcglicher Hochachtung <strong>Schreiner &amp; Vogel<\/strong><\/p>\n\n\n\n<p style=\"color:#c02518\" class=\"has-text-color has-text-align-center has-medium-font-size\"> <\/p>\n\n\n\n<p style=\"color:#c02518\" class=\"has-text-color has-text-align-center has-medium-font-size\"><br> <\/p>\n","protected":false},"excerpt":{"rendered":"<p>Das B\u00fcro f\u00fcr Geschmack und Gestaltung im Wunderblock bietet solide Voraussetzungen: f\u00fcr den jeweiligen Einzigen &amp; sein Eigentum;f\u00fcr spannungsreiche Wohnbereiche;f\u00fcr Doppelb\u00f6den und Wunderkisten im t\u00e4glichen Kasperltheater;f\u00fcr Privatb\u00fchnen, Seelendatschas, ferne Meridiane und fremde Gezeiten; Jeder Raum ist ein R\u00e4tsel und mit jedem Ort hat es eine Bewandtnis. Die besondere Aufmerksamkeit gilt den seelisch-kulturellen Erscheinungen in ihrerContinue reading &rarr;<\/p>\n","protected":false},"author":1,"featured_media":0,"parent":0,"menu_order":0,"comment_status":"closed","ping_status":"closed","template":"","meta":{"footnotes":""},"class_list":["post-24","page","type-page","status-publish","hentry","no-thumb"],"_links":{"self":[{"href":"https:\/\/www.wunderblock.de\/wunderblock\/buero\/wordpress\/wp-json\/wp\/v2\/pages\/24","targetHints":{"allow":["GET"]}}],"collection":[{"href":"https:\/\/www.wunderblock.de\/wunderblock\/buero\/wordpress\/wp-json\/wp\/v2\/pages"}],"about":[{"href":"https:\/\/www.wunderblock.de\/wunderblock\/buero\/wordpress\/wp-json\/wp\/v2\/types\/page"}],"author":[{"embeddable":true,"href":"https:\/\/www.wunderblock.de\/wunderblock\/buero\/wordpress\/wp-json\/wp\/v2\/users\/1"}],"replies":[{"embeddable":true,"href":"https:\/\/www.wunderblock.de\/wunderblock\/buero\/wordpress\/wp-json\/wp\/v2\/comments?post=24"}],"version-history":[{"count":13,"href":"https:\/\/www.wunderblock.de\/wunderblock\/buero\/wordpress\/wp-json\/wp\/v2\/pages\/24\/revisions"}],"predecessor-version":[{"id":271,"href":"https:\/\/www.wunderblock.de\/wunderblock\/buero\/wordpress\/wp-json\/wp\/v2\/pages\/24\/revisions\/271"}],"wp:attachment":[{"href":"https:\/\/www.wunderblock.de\/wunderblock\/buero\/wordpress\/wp-json\/wp\/v2\/media?parent=24"}],"curies":[{"name":"wp","href":"https:\/\/api.w.org\/{rel}","templated":true}]}}