{"id":813,"date":"2020-03-06T18:55:42","date_gmt":"2020-03-06T17:55:42","guid":{"rendered":"http:\/\/www.wunderblock.de\/wunderblock\/atopos\/WP_atopos\/?page_id=813"},"modified":"2020-03-06T19:16:39","modified_gmt":"2020-03-06T18:16:39","slug":"fleisch","status":"publish","type":"page","link":"https:\/\/www.wunderblock.de\/wunderblock\/atopos\/WP_atopos\/objekt\/fleisch\/","title":{"rendered":"Fleisch oder das Ende der F\u00fctterung"},"content":{"rendered":"<p><span style=\"font-family: open-sans; font-size: 24pt; color: #cc0000;\">Fleisch oder das Ende der F\u00fctterung<\/span><\/p>\n\n\t\t<style>\n            <\/style>\n\n    \n<script>\n    var GKIT_NO_PRIV_AJAX_URL = '\/wunderblock\/atopos\/WP_atopos\/wp-admin\/admin-ajax.php';\n    var CRP_DATASOURCE_26 = {};\n    var CRP_GALLERY_DATASOURCE_26 = new Array();\n<\/script>\n\n<script>var gkitPermalink = '\/wunderblock\/atopos\/WP_atopos\/wp-json\/wp\/v2\/pages\/813';<\/script><div id=\"crp-content-26\" class=\"crp-content  crp-clearfix\"><div class=\"crp-wrapper crp-wrapper-gallery\"><div data-lazy-load=\"0\" id=\"gallery-26\" class=\"gallery-26\" style=\"display:none;\"><div id=\"ftg-items\" class=\"ftg-items\"><div id=\"crp-tile-181\" class=\"crp-tile ftg- \" data-url=\"\" data-id=\"181\" data-catalog-id=\"26\"><div id='181'  class='crp-tile-inner crp-tile-pic  button06 overlay00 share20 details27 image01  ' ><img class='crp-tile-img' src='https:\/\/www.wunderblock.de\/wunderblock\/atopos\/WP_atopos\/wp-content\/uploads\/2020\/03\/fleisch-fliegend-2.jpg' alt='' title='fleisch fliegend 2' caption='' description='' data-width='2958' data-height='2027' \/><div class='overlayM'><\/div><div class='overlayT'><\/div><div class='overlayB'><\/div><div class='overlayL'><\/div><div class='overlayR'><\/div><div class='details '><h3>Fliegendes Fleisch<\/h3><\/div><\/div><script>CRP_GALLERY_DATASOURCE_26.push({'facebookShareUrl': 'https:\/\/www.wunderblock.de\/wunderblock\/atopos\/WP_atopos\/wp-content\/uploads\/2020\/03\/fleisch-fliegend-2-300x206.jpg','twitterShareUrl': 'https:\/\/www.wunderblock.de\/wunderblock\/atopos\/WP_atopos\/wp-content\/uploads\/2020\/03\/fleisch-fliegend-2-300x206.jpg','pinterestShareUrl': 'https:\/\/www.wunderblock.de\/wunderblock\/atopos\/WP_atopos\/wp-content\/uploads\/2020\/03\/fleisch-fliegend-2-300x206.jpg','googleplusShareUrl': 'https:\/\/www.wunderblock.de\/wunderblock\/atopos\/WP_atopos\/wp-content\/uploads\/2020\/03\/fleisch-fliegend-2-300x206.jpg', 'tweetText': 'Fliegendes Fleisch', 'pinterestText': 'Fliegendes Fleisch','id': '181', 'src': 'https:\/\/www.wunderblock.de\/wunderblock\/atopos\/WP_atopos\/wp-content\/uploads\/2020\/03\/fleisch-fliegend-2.jpg', 'thumb': 'https:\/\/www.wunderblock.de\/wunderblock\/atopos\/WP_atopos\/wp-content\/uploads\/2020\/03\/fleisch-fliegend-2-300x206.jpg', 'subHtml': '<h4 class=\\'crp-popup-title\\'>Fliegendes Fleisch<\/h4>', 'downloadUrl': false});<\/script><\/div><div id=\"crp-tile-182\" class=\"crp-tile ftg- \" data-url=\"\" data-id=\"182\" data-catalog-id=\"26\"><div id='182'  class='crp-tile-inner crp-tile-pic  button06 overlay00 share20 details27 image01  ' ><img class='crp-tile-img' src='https:\/\/www.wunderblock.de\/wunderblock\/atopos\/WP_atopos\/wp-content\/uploads\/2020\/03\/fleisch-fliegend.jpg' alt='' title='fleisch fliegend' caption='' description='' data-width='1981' data-height='2974' \/><div class='overlayM'><\/div><div class='overlayT'><\/div><div class='overlayB'><\/div><div class='overlayL'><\/div><div class='overlayR'><\/div><div class='details '><h3>Fliegendes Fleisch<\/h3><\/div><\/div><script>CRP_GALLERY_DATASOURCE_26.push({'facebookShareUrl': 'https:\/\/www.wunderblock.de\/wunderblock\/atopos\/WP_atopos\/wp-content\/uploads\/2020\/03\/fleisch-fliegend-200x300.jpg','twitterShareUrl': 'https:\/\/www.wunderblock.de\/wunderblock\/atopos\/WP_atopos\/wp-content\/uploads\/2020\/03\/fleisch-fliegend-200x300.jpg','pinterestShareUrl': 'https:\/\/www.wunderblock.de\/wunderblock\/atopos\/WP_atopos\/wp-content\/uploads\/2020\/03\/fleisch-fliegend-200x300.jpg','googleplusShareUrl': 'https:\/\/www.wunderblock.de\/wunderblock\/atopos\/WP_atopos\/wp-content\/uploads\/2020\/03\/fleisch-fliegend-200x300.jpg', 'tweetText': 'Fliegendes Fleisch', 'pinterestText': 'Fliegendes Fleisch','id': '182', 'src': 'https:\/\/www.wunderblock.de\/wunderblock\/atopos\/WP_atopos\/wp-content\/uploads\/2020\/03\/fleisch-fliegend.jpg', 'thumb': 'https:\/\/www.wunderblock.de\/wunderblock\/atopos\/WP_atopos\/wp-content\/uploads\/2020\/03\/fleisch-fliegend-200x300.jpg', 'subHtml': '<h4 class=\\'crp-popup-title\\'>Fliegendes Fleisch<\/h4>', 'downloadUrl': false});<\/script><\/div><div id=\"crp-tile-186\" class=\"crp-tile ftg- \" data-url=\"\" data-id=\"186\" data-catalog-id=\"26\"><div id='186'  class='crp-tile-inner crp-tile-pic  button06 overlay00 share20 details27 image01  ' ><img class='crp-tile-img' src='https:\/\/www.wunderblock.de\/wunderblock\/atopos\/WP_atopos\/wp-content\/uploads\/2020\/03\/fleisch-liegend.jpg' alt='' title='fleisch liegend' caption='' description='' data-width='2024' data-height='2980' \/><div class='overlayM'><\/div><div class='overlayT'><\/div><div class='overlayB'><\/div><div class='overlayL'><\/div><div class='overlayR'><\/div><div class='details '><h3>Liegendes Fleisch<\/h3><\/div><\/div><script>CRP_GALLERY_DATASOURCE_26.push({'facebookShareUrl': 'https:\/\/www.wunderblock.de\/wunderblock\/atopos\/WP_atopos\/wp-content\/uploads\/2020\/03\/fleisch-liegend-204x300.jpg','twitterShareUrl': 'https:\/\/www.wunderblock.de\/wunderblock\/atopos\/WP_atopos\/wp-content\/uploads\/2020\/03\/fleisch-liegend-204x300.jpg','pinterestShareUrl': 'https:\/\/www.wunderblock.de\/wunderblock\/atopos\/WP_atopos\/wp-content\/uploads\/2020\/03\/fleisch-liegend-204x300.jpg','googleplusShareUrl': 'https:\/\/www.wunderblock.de\/wunderblock\/atopos\/WP_atopos\/wp-content\/uploads\/2020\/03\/fleisch-liegend-204x300.jpg', 'tweetText': 'Liegendes Fleisch', 'pinterestText': 'Liegendes Fleisch','id': '186', 'src': 'https:\/\/www.wunderblock.de\/wunderblock\/atopos\/WP_atopos\/wp-content\/uploads\/2020\/03\/fleisch-liegend.jpg', 'thumb': 'https:\/\/www.wunderblock.de\/wunderblock\/atopos\/WP_atopos\/wp-content\/uploads\/2020\/03\/fleisch-liegend-204x300.jpg', 'subHtml': '<h4 class=\\'crp-popup-title\\'>Liegendes Fleisch<\/h4>', 'downloadUrl': false});<\/script><\/div><div id=\"crp-tile-185\" class=\"crp-tile ftg- \" data-url=\"\" data-id=\"185\" data-catalog-id=\"26\"><div id='185'  class='crp-tile-inner crp-tile-pic  button06 overlay00 share20 details27 image01  ' ><img class='crp-tile-img' src='https:\/\/www.wunderblock.de\/wunderblock\/atopos\/WP_atopos\/wp-content\/uploads\/2020\/03\/fleisch-haengend.jpg' alt='' title='fleisch haengend' caption='' description='' data-width='2016' data-height='2972' \/><div class='overlayM'><\/div><div class='overlayT'><\/div><div class='overlayB'><\/div><div class='overlayL'><\/div><div class='overlayR'><\/div><div class='details '><h3>H\u00e4ngendes Fleisch<\/h3><\/div><\/div><script>CRP_GALLERY_DATASOURCE_26.push({'facebookShareUrl': 'https:\/\/www.wunderblock.de\/wunderblock\/atopos\/WP_atopos\/wp-content\/uploads\/2020\/03\/fleisch-haengend-203x300.jpg','twitterShareUrl': 'https:\/\/www.wunderblock.de\/wunderblock\/atopos\/WP_atopos\/wp-content\/uploads\/2020\/03\/fleisch-haengend-203x300.jpg','pinterestShareUrl': 'https:\/\/www.wunderblock.de\/wunderblock\/atopos\/WP_atopos\/wp-content\/uploads\/2020\/03\/fleisch-haengend-203x300.jpg','googleplusShareUrl': 'https:\/\/www.wunderblock.de\/wunderblock\/atopos\/WP_atopos\/wp-content\/uploads\/2020\/03\/fleisch-haengend-203x300.jpg', 'tweetText': 'H\u00e4ngendes Fleisch', 'pinterestText': 'H\u00e4ngendes Fleisch','id': '185', 'src': 'https:\/\/www.wunderblock.de\/wunderblock\/atopos\/WP_atopos\/wp-content\/uploads\/2020\/03\/fleisch-haengend.jpg', 'thumb': 'https:\/\/www.wunderblock.de\/wunderblock\/atopos\/WP_atopos\/wp-content\/uploads\/2020\/03\/fleisch-haengend-203x300.jpg', 'subHtml': '<h4 class=\\'crp-popup-title\\'>H\u00e4ngendes Fleisch<\/h4>', 'downloadUrl': false});<\/script><\/div><div id=\"crp-tile-184\" class=\"crp-tile ftg- \" data-url=\"\" data-id=\"184\" data-catalog-id=\"26\"><div id='184'  class='crp-tile-inner crp-tile-pic  button06 overlay00 share20 details27 image01  ' ><img class='crp-tile-img' src='https:\/\/www.wunderblock.de\/wunderblock\/atopos\/WP_atopos\/wp-content\/uploads\/2020\/03\/fleisch-haengend-totale.jpg' alt='' title='fleisch haengend totale' caption='' description='' data-width='2482' data-height='2011' \/><div class='overlayM'><\/div><div class='overlayT'><\/div><div class='overlayB'><\/div><div class='overlayL'><\/div><div class='overlayR'><\/div><div class='details '><h3>H\u00e4ngendes Fleisch<\/h3><\/div><\/div><script>CRP_GALLERY_DATASOURCE_26.push({'facebookShareUrl': 'https:\/\/www.wunderblock.de\/wunderblock\/atopos\/WP_atopos\/wp-content\/uploads\/2020\/03\/fleisch-haengend-totale-300x243.jpg','twitterShareUrl': 'https:\/\/www.wunderblock.de\/wunderblock\/atopos\/WP_atopos\/wp-content\/uploads\/2020\/03\/fleisch-haengend-totale-300x243.jpg','pinterestShareUrl': 'https:\/\/www.wunderblock.de\/wunderblock\/atopos\/WP_atopos\/wp-content\/uploads\/2020\/03\/fleisch-haengend-totale-300x243.jpg','googleplusShareUrl': 'https:\/\/www.wunderblock.de\/wunderblock\/atopos\/WP_atopos\/wp-content\/uploads\/2020\/03\/fleisch-haengend-totale-300x243.jpg', 'tweetText': 'H\u00e4ngendes Fleisch', 'pinterestText': 'H\u00e4ngendes Fleisch','id': '184', 'src': 'https:\/\/www.wunderblock.de\/wunderblock\/atopos\/WP_atopos\/wp-content\/uploads\/2020\/03\/fleisch-haengend-totale.jpg', 'thumb': 'https:\/\/www.wunderblock.de\/wunderblock\/atopos\/WP_atopos\/wp-content\/uploads\/2020\/03\/fleisch-haengend-totale-300x243.jpg', 'subHtml': '<h4 class=\\'crp-popup-title\\'>H\u00e4ngendes Fleisch<\/h4>', 'downloadUrl': false});<\/script><\/div><div id=\"crp-tile-183\" class=\"crp-tile ftg- \" data-url=\"\" data-id=\"183\" data-catalog-id=\"26\"><div id='183'  class='crp-tile-inner crp-tile-pic  button06 overlay00 share20 details27 image01  ' ><img class='crp-tile-img' src='https:\/\/www.wunderblock.de\/wunderblock\/atopos\/WP_atopos\/wp-content\/uploads\/2020\/03\/fleisch-haengend-2.jpg' alt='' title='fleisch haengend 2' caption='' description='' data-width='2036' data-height='2656' \/><div class='overlayM'><\/div><div class='overlayT'><\/div><div class='overlayB'><\/div><div class='overlayL'><\/div><div class='overlayR'><\/div><div class='details '><h3>H\u00e4ngendes Fleisch<\/h3><\/div><\/div><script>CRP_GALLERY_DATASOURCE_26.push({'facebookShareUrl': 'https:\/\/www.wunderblock.de\/wunderblock\/atopos\/WP_atopos\/wp-content\/uploads\/2020\/03\/fleisch-haengend-2-230x300.jpg','twitterShareUrl': 'https:\/\/www.wunderblock.de\/wunderblock\/atopos\/WP_atopos\/wp-content\/uploads\/2020\/03\/fleisch-haengend-2-230x300.jpg','pinterestShareUrl': 'https:\/\/www.wunderblock.de\/wunderblock\/atopos\/WP_atopos\/wp-content\/uploads\/2020\/03\/fleisch-haengend-2-230x300.jpg','googleplusShareUrl': 'https:\/\/www.wunderblock.de\/wunderblock\/atopos\/WP_atopos\/wp-content\/uploads\/2020\/03\/fleisch-haengend-2-230x300.jpg', 'tweetText': 'H\u00e4ngendes Fleisch', 'pinterestText': 'H\u00e4ngendes Fleisch','id': '183', 'src': 'https:\/\/www.wunderblock.de\/wunderblock\/atopos\/WP_atopos\/wp-content\/uploads\/2020\/03\/fleisch-haengend-2.jpg', 'thumb': 'https:\/\/www.wunderblock.de\/wunderblock\/atopos\/WP_atopos\/wp-content\/uploads\/2020\/03\/fleisch-haengend-2-230x300.jpg', 'subHtml': '<h4 class=\\'crp-popup-title\\'>H\u00e4ngendes Fleisch<\/h4>', 'downloadUrl': false});<\/script><\/div><div id=\"crp-tile-189\" class=\"crp-tile ftg- \" data-url=\"\" data-id=\"189\" data-catalog-id=\"26\"><div id='189'  class='crp-tile-inner crp-tile-pic  button06 overlay00 share20 details27 image01  ' ><img class='crp-tile-img' src='https:\/\/www.wunderblock.de\/wunderblock\/atopos\/WP_atopos\/wp-content\/uploads\/2020\/03\/fleisch-wild.jpg' alt='' title='fleisch wild' caption='' description='' data-width='2016' data-height='2968' \/><div class='overlayM'><\/div><div class='overlayT'><\/div><div class='overlayB'><\/div><div class='overlayL'><\/div><div class='overlayR'><\/div><div class='details '><h3>Wildes Fleisch<\/h3><\/div><\/div><script>CRP_GALLERY_DATASOURCE_26.push({'facebookShareUrl': 'https:\/\/www.wunderblock.de\/wunderblock\/atopos\/WP_atopos\/wp-content\/uploads\/2020\/03\/fleisch-wild-204x300.jpg','twitterShareUrl': 'https:\/\/www.wunderblock.de\/wunderblock\/atopos\/WP_atopos\/wp-content\/uploads\/2020\/03\/fleisch-wild-204x300.jpg','pinterestShareUrl': 'https:\/\/www.wunderblock.de\/wunderblock\/atopos\/WP_atopos\/wp-content\/uploads\/2020\/03\/fleisch-wild-204x300.jpg','googleplusShareUrl': 'https:\/\/www.wunderblock.de\/wunderblock\/atopos\/WP_atopos\/wp-content\/uploads\/2020\/03\/fleisch-wild-204x300.jpg', 'tweetText': 'Wildes Fleisch', 'pinterestText': 'Wildes Fleisch','id': '189', 'src': 'https:\/\/www.wunderblock.de\/wunderblock\/atopos\/WP_atopos\/wp-content\/uploads\/2020\/03\/fleisch-wild.jpg', 'thumb': 'https:\/\/www.wunderblock.de\/wunderblock\/atopos\/WP_atopos\/wp-content\/uploads\/2020\/03\/fleisch-wild-204x300.jpg', 'subHtml': '<h4 class=\\'crp-popup-title\\'>Wildes Fleisch<\/h4>', 'downloadUrl': false});<\/script><\/div><div id=\"crp-tile-188\" class=\"crp-tile ftg- \" data-url=\"\" data-id=\"188\" data-catalog-id=\"26\"><div id='188'  class='crp-tile-inner crp-tile-pic  button06 overlay00 share20 details27 image01  ' ><img class='crp-tile-img' src='https:\/\/www.wunderblock.de\/wunderblock\/atopos\/WP_atopos\/wp-content\/uploads\/2020\/03\/fleisch-wild-totale.jpg' alt='' title='fleisch wild totale' caption='' description='' data-width='2952' data-height='2040' \/><div class='overlayM'><\/div><div class='overlayT'><\/div><div class='overlayB'><\/div><div class='overlayL'><\/div><div class='overlayR'><\/div><div class='details '><h3>Wildes Fleisch<\/h3><\/div><\/div><script>CRP_GALLERY_DATASOURCE_26.push({'facebookShareUrl': 'https:\/\/www.wunderblock.de\/wunderblock\/atopos\/WP_atopos\/wp-content\/uploads\/2020\/03\/fleisch-wild-totale-300x207.jpg','twitterShareUrl': 'https:\/\/www.wunderblock.de\/wunderblock\/atopos\/WP_atopos\/wp-content\/uploads\/2020\/03\/fleisch-wild-totale-300x207.jpg','pinterestShareUrl': 'https:\/\/www.wunderblock.de\/wunderblock\/atopos\/WP_atopos\/wp-content\/uploads\/2020\/03\/fleisch-wild-totale-300x207.jpg','googleplusShareUrl': 'https:\/\/www.wunderblock.de\/wunderblock\/atopos\/WP_atopos\/wp-content\/uploads\/2020\/03\/fleisch-wild-totale-300x207.jpg', 'tweetText': 'Wildes Fleisch', 'pinterestText': 'Wildes Fleisch','id': '188', 'src': 'https:\/\/www.wunderblock.de\/wunderblock\/atopos\/WP_atopos\/wp-content\/uploads\/2020\/03\/fleisch-wild-totale.jpg', 'thumb': 'https:\/\/www.wunderblock.de\/wunderblock\/atopos\/WP_atopos\/wp-content\/uploads\/2020\/03\/fleisch-wild-totale-300x207.jpg', 'subHtml': '<h4 class=\\'crp-popup-title\\'>Wildes Fleisch<\/h4>', 'downloadUrl': false});<\/script><\/div><div id=\"crp-tile-187\" class=\"crp-tile ftg- \" data-url=\"\" data-id=\"187\" data-catalog-id=\"26\"><div id='187'  class='crp-tile-inner crp-tile-pic  button06 overlay00 share20 details27 image01  ' ><img class='crp-tile-img' src='https:\/\/www.wunderblock.de\/wunderblock\/atopos\/WP_atopos\/wp-content\/uploads\/2020\/03\/fleisch-wild-2.jpg' alt='' title='fleisch wild 2' caption='' description='' data-width='2840' data-height='2020' \/><div class='overlayM'><\/div><div class='overlayT'><\/div><div class='overlayB'><\/div><div class='overlayL'><\/div><div class='overlayR'><\/div><div class='details '><h3>Wildes Fleisch<\/h3><\/div><\/div><script>CRP_GALLERY_DATASOURCE_26.push({'facebookShareUrl': 'https:\/\/www.wunderblock.de\/wunderblock\/atopos\/WP_atopos\/wp-content\/uploads\/2020\/03\/fleisch-wild-2-300x213.jpg','twitterShareUrl': 'https:\/\/www.wunderblock.de\/wunderblock\/atopos\/WP_atopos\/wp-content\/uploads\/2020\/03\/fleisch-wild-2-300x213.jpg','pinterestShareUrl': 'https:\/\/www.wunderblock.de\/wunderblock\/atopos\/WP_atopos\/wp-content\/uploads\/2020\/03\/fleisch-wild-2-300x213.jpg','googleplusShareUrl': 'https:\/\/www.wunderblock.de\/wunderblock\/atopos\/WP_atopos\/wp-content\/uploads\/2020\/03\/fleisch-wild-2-300x213.jpg', 'tweetText': 'Wildes Fleisch', 'pinterestText': 'Wildes Fleisch','id': '187', 'src': 'https:\/\/www.wunderblock.de\/wunderblock\/atopos\/WP_atopos\/wp-content\/uploads\/2020\/03\/fleisch-wild-2.jpg', 'thumb': 'https:\/\/www.wunderblock.de\/wunderblock\/atopos\/WP_atopos\/wp-content\/uploads\/2020\/03\/fleisch-wild-2-300x213.jpg', 'subHtml': '<h4 class=\\'crp-popup-title\\'>Wildes Fleisch<\/h4>', 'downloadUrl': false});<\/script><\/div><div id=\"crp-tile-180\" class=\"crp-tile ftg- \" data-url=\"\" data-id=\"180\" data-catalog-id=\"26\"><div id='180'  class='crp-tile-inner crp-tile-pic  button06 overlay00 share20 details27 image01  ' ><img class='crp-tile-img' src='https:\/\/www.wunderblock.de\/wunderblock\/atopos\/WP_atopos\/wp-content\/uploads\/2020\/03\/endeblau.jpg' alt='' title='endeblau' caption='' description='' data-width='1992' data-height='2892' \/><div class='overlayM'><\/div><div class='overlayT'><\/div><div class='overlayB'><\/div><div class='overlayL'><\/div><div class='overlayR'><\/div><div class='details '><h3>Das Ende der F\u00fctterung<\/h3><\/div><\/div><script>CRP_GALLERY_DATASOURCE_26.push({'facebookShareUrl': 'https:\/\/www.wunderblock.de\/wunderblock\/atopos\/WP_atopos\/wp-content\/uploads\/2020\/03\/endeblau-207x300.jpg','twitterShareUrl': 'https:\/\/www.wunderblock.de\/wunderblock\/atopos\/WP_atopos\/wp-content\/uploads\/2020\/03\/endeblau-207x300.jpg','pinterestShareUrl': 'https:\/\/www.wunderblock.de\/wunderblock\/atopos\/WP_atopos\/wp-content\/uploads\/2020\/03\/endeblau-207x300.jpg','googleplusShareUrl': 'https:\/\/www.wunderblock.de\/wunderblock\/atopos\/WP_atopos\/wp-content\/uploads\/2020\/03\/endeblau-207x300.jpg', 'tweetText': 'Das Ende der F\u00fctterung', 'pinterestText': 'Das Ende der F\u00fctterung','id': '180', 'src': 'https:\/\/www.wunderblock.de\/wunderblock\/atopos\/WP_atopos\/wp-content\/uploads\/2020\/03\/endeblau.jpg', 'thumb': 'https:\/\/www.wunderblock.de\/wunderblock\/atopos\/WP_atopos\/wp-content\/uploads\/2020\/03\/endeblau-207x300.jpg', 'subHtml': '<h4 class=\\'crp-popup-title\\'>Das Ende der F\u00fctterung<\/h4>', 'downloadUrl': false});<\/script><\/div><\/div><\/div><\/div><\/div>\n<script>\n    gkitWinReady(function(){\n        gkitConfigureGrid(\n            26,\n            {layoutType: 2,approxTileWidth: 300,approxTileHeight: 250,addBlock1Height: false,addBlock2Height: false,freeAddBlocks: false,margin: 10,minTileWidth: 200,gridCellSize: 10,lazy: false,dontCropImage: false,columnCalcAlgo: 'Dynamic',},\n            {\n                kEnableGridLazyLoad : 0,\n                kDirectLinking : 0,\n                kLoadUrlBlank : 1,\n                kDisableAlbumStylePresentation : 1,\n                kViewerBackdropClass: 'crp-1-popup-backdrop',\n                albumViewerTypeIsGrid: 0            },\n            {hash: false,autoplayFirstVideo: true,videojs: true,controls: true,actualSize: false,mode: 'lg-fade',addClass: 'crp-full-popup crp-popup-full-theme-dark ',counter: true,zoom: false,pager: false,autoplayControls: true,fullScreen: true,autoplay: false,thumbnail: false,showThumbByDefault: false,animateThumb: true,thumbContHeight: 80,thumbHeight: '60px',share: false,download: false,showTextToggle: false,},\n            CRP_GALLERY_DATASOURCE_26,\n            CRP_DATASOURCE_26        );\n    });\n<\/script>\n\n<p style=\"text-align: right;\"><span style=\"font-family: open-sans; color: #cc0000;\">Holz, Baust\u00fctzen Fundst\u00fccke<\/span><\/p>\n","protected":false},"excerpt":{"rendered":"<p>Fleisch oder das Ende der F\u00fctterung Holz, Baust\u00fctzen Fundst\u00fccke<\/p>\n","protected":false},"author":1,"featured_media":0,"parent":366,"menu_order":0,"comment_status":"closed","ping_status":"closed","template":"","meta":{"footnotes":""},"class_list":["post-813","page","type-page","status-publish","hentry","no-thumb"],"_links":{"self":[{"href":"https:\/\/www.wunderblock.de\/wunderblock\/atopos\/WP_atopos\/wp-json\/wp\/v2\/pages\/813","targetHints":{"allow":["GET"]}}],"collection":[{"href":"https:\/\/www.wunderblock.de\/wunderblock\/atopos\/WP_atopos\/wp-json\/wp\/v2\/pages"}],"about":[{"href":"https:\/\/www.wunderblock.de\/wunderblock\/atopos\/WP_atopos\/wp-json\/wp\/v2\/types\/page"}],"author":[{"embeddable":true,"href":"https:\/\/www.wunderblock.de\/wunderblock\/atopos\/WP_atopos\/wp-json\/wp\/v2\/users\/1"}],"replies":[{"embeddable":true,"href":"https:\/\/www.wunderblock.de\/wunderblock\/atopos\/WP_atopos\/wp-json\/wp\/v2\/comments?post=813"}],"version-history":[{"count":3,"href":"https:\/\/www.wunderblock.de\/wunderblock\/atopos\/WP_atopos\/wp-json\/wp\/v2\/pages\/813\/revisions"}],"predecessor-version":[{"id":817,"href":"https:\/\/www.wunderblock.de\/wunderblock\/atopos\/WP_atopos\/wp-json\/wp\/v2\/pages\/813\/revisions\/817"}],"up":[{"embeddable":true,"href":"https:\/\/www.wunderblock.de\/wunderblock\/atopos\/WP_atopos\/wp-json\/wp\/v2\/pages\/366"}],"wp:attachment":[{"href":"https:\/\/www.wunderblock.de\/wunderblock\/atopos\/WP_atopos\/wp-json\/wp\/v2\/media?parent=813"}],"curies":[{"name":"wp","href":"https:\/\/api.w.org\/{rel}","templated":true}]}}