{"id":689,"date":"2018-10-27T12:19:23","date_gmt":"2018-10-27T10:19:23","guid":{"rendered":"http:\/\/www.wunderblock.de\/wunderblock\/atopos\/WP_atopos\/?page_id=689"},"modified":"2018-10-27T13:00:40","modified_gmt":"2018-10-27T11:00:40","slug":"die-schoenheit-unserer-waffen","status":"publish","type":"page","link":"https:\/\/www.wunderblock.de\/wunderblock\/atopos\/WP_atopos\/objekt\/die-schoenheit-unserer-waffen\/","title":{"rendered":"Die Sch\u00f6nheit unserer Waffen"},"content":{"rendered":"<p><span style=\"font-family: open-sans; font-size: 24pt; color: #cc0000;\">Die Sch\u00f6nheit unserer Waffen<\/span><\/p>\n\n\t\t<style>\n            <\/style>\n\n    \n<script>\n    var GKIT_NO_PRIV_AJAX_URL = '\/wunderblock\/atopos\/WP_atopos\/wp-admin\/admin-ajax.php';\n    var CRP_DATASOURCE_21 = {};\n    var CRP_GALLERY_DATASOURCE_21 = new Array();\n<\/script>\n\n<script>var gkitPermalink = '\/wunderblock\/atopos\/WP_atopos\/wp-json\/wp\/v2\/pages\/689';<\/script><div id=\"crp-content-21\" class=\"crp-content  crp-clearfix\"><div class=\"crp-wrapper crp-wrapper-gallery\"><div data-lazy-load=\"0\" id=\"gallery-21\" class=\"gallery-21\" style=\"display:none;\"><div id=\"ftg-items\" class=\"ftg-items\"><div id=\"crp-tile-142\" class=\"crp-tile ftg- \" data-url=\"\" data-id=\"142\" data-catalog-id=\"21\"><div id='142'  class='crp-tile-inner crp-tile-pic  button06 overlay00 share20 details27 image01  ' ><img class='crp-tile-img' src='https:\/\/www.wunderblock.de\/wunderblock\/atopos\/WP_atopos\/wp-content\/uploads\/2018\/10\/waffen-1.k.jpg' alt='' title='waffen 1.k' caption='' description='' data-width='1904' data-height='2892' \/><div class='overlayM'><\/div><div class='overlayT'><\/div><div class='overlayB'><\/div><div class='overlayL'><\/div><div class='overlayR'><\/div><div class='details '><h3>Homogenisieren<\/h3><\/div><\/div><script>CRP_GALLERY_DATASOURCE_21.push({'facebookShareUrl': 'https:\/\/www.wunderblock.de\/wunderblock\/atopos\/WP_atopos\/wp-content\/uploads\/2018\/10\/waffen-1.k-198x300.jpg','twitterShareUrl': 'https:\/\/www.wunderblock.de\/wunderblock\/atopos\/WP_atopos\/wp-content\/uploads\/2018\/10\/waffen-1.k-198x300.jpg','pinterestShareUrl': 'https:\/\/www.wunderblock.de\/wunderblock\/atopos\/WP_atopos\/wp-content\/uploads\/2018\/10\/waffen-1.k-198x300.jpg','googleplusShareUrl': 'https:\/\/www.wunderblock.de\/wunderblock\/atopos\/WP_atopos\/wp-content\/uploads\/2018\/10\/waffen-1.k-198x300.jpg', 'tweetText': 'Homogenisieren', 'pinterestText': 'Homogenisieren','id': '142', 'src': 'https:\/\/www.wunderblock.de\/wunderblock\/atopos\/WP_atopos\/wp-content\/uploads\/2018\/10\/waffen-1.k.jpg', 'thumb': 'https:\/\/www.wunderblock.de\/wunderblock\/atopos\/WP_atopos\/wp-content\/uploads\/2018\/10\/waffen-1.k-198x300.jpg', 'subHtml': '<h4 class=\\'crp-popup-title\\'>Homogenisieren<\/h4>', 'downloadUrl': false});<\/script><\/div><div id=\"crp-tile-141\" class=\"crp-tile ftg- \" data-url=\"\" data-id=\"141\" data-catalog-id=\"21\"><div id='141'  class='crp-tile-inner crp-tile-pic  button06 overlay00 share20 details27 image01  ' ><img class='crp-tile-img' src='https:\/\/www.wunderblock.de\/wunderblock\/atopos\/WP_atopos\/wp-content\/uploads\/2018\/10\/waffen-2.k.jpg' alt='' title='waffen 2.k' caption='' description='' data-width='1924' data-height='2904' \/><div class='overlayM'><\/div><div class='overlayT'><\/div><div class='overlayB'><\/div><div class='overlayL'><\/div><div class='overlayR'><\/div><div class='details '><h3>Separieren<\/h3><\/div><\/div><script>CRP_GALLERY_DATASOURCE_21.push({'facebookShareUrl': 'https:\/\/www.wunderblock.de\/wunderblock\/atopos\/WP_atopos\/wp-content\/uploads\/2018\/10\/waffen-2.k-199x300.jpg','twitterShareUrl': 'https:\/\/www.wunderblock.de\/wunderblock\/atopos\/WP_atopos\/wp-content\/uploads\/2018\/10\/waffen-2.k-199x300.jpg','pinterestShareUrl': 'https:\/\/www.wunderblock.de\/wunderblock\/atopos\/WP_atopos\/wp-content\/uploads\/2018\/10\/waffen-2.k-199x300.jpg','googleplusShareUrl': 'https:\/\/www.wunderblock.de\/wunderblock\/atopos\/WP_atopos\/wp-content\/uploads\/2018\/10\/waffen-2.k-199x300.jpg', 'tweetText': 'Separieren', 'pinterestText': 'Separieren','id': '141', 'src': 'https:\/\/www.wunderblock.de\/wunderblock\/atopos\/WP_atopos\/wp-content\/uploads\/2018\/10\/waffen-2.k.jpg', 'thumb': 'https:\/\/www.wunderblock.de\/wunderblock\/atopos\/WP_atopos\/wp-content\/uploads\/2018\/10\/waffen-2.k-199x300.jpg', 'subHtml': '<h4 class=\\'crp-popup-title\\'>Separieren<\/h4>', 'downloadUrl': false});<\/script><\/div><div id=\"crp-tile-140\" class=\"crp-tile ftg- \" data-url=\"\" data-id=\"140\" data-catalog-id=\"21\"><div id='140'  class='crp-tile-inner crp-tile-pic  button06 overlay00 share20 details27 image01  ' ><img class='crp-tile-img' src='https:\/\/www.wunderblock.de\/wunderblock\/atopos\/WP_atopos\/wp-content\/uploads\/2018\/10\/waffen-3.k.jpg' alt='' title='waffen 3.k' caption='' description='' data-width='1936' data-height='2928' \/><div class='overlayM'><\/div><div class='overlayT'><\/div><div class='overlayB'><\/div><div class='overlayL'><\/div><div class='overlayR'><\/div><div class='details '><h3>Differenzieren<\/h3><\/div><\/div><script>CRP_GALLERY_DATASOURCE_21.push({'facebookShareUrl': 'https:\/\/www.wunderblock.de\/wunderblock\/atopos\/WP_atopos\/wp-content\/uploads\/2018\/10\/waffen-3.k-198x300.jpg','twitterShareUrl': 'https:\/\/www.wunderblock.de\/wunderblock\/atopos\/WP_atopos\/wp-content\/uploads\/2018\/10\/waffen-3.k-198x300.jpg','pinterestShareUrl': 'https:\/\/www.wunderblock.de\/wunderblock\/atopos\/WP_atopos\/wp-content\/uploads\/2018\/10\/waffen-3.k-198x300.jpg','googleplusShareUrl': 'https:\/\/www.wunderblock.de\/wunderblock\/atopos\/WP_atopos\/wp-content\/uploads\/2018\/10\/waffen-3.k-198x300.jpg', 'tweetText': 'Differenzieren', 'pinterestText': 'Differenzieren','id': '140', 'src': 'https:\/\/www.wunderblock.de\/wunderblock\/atopos\/WP_atopos\/wp-content\/uploads\/2018\/10\/waffen-3.k.jpg', 'thumb': 'https:\/\/www.wunderblock.de\/wunderblock\/atopos\/WP_atopos\/wp-content\/uploads\/2018\/10\/waffen-3.k-198x300.jpg', 'subHtml': '<h4 class=\\'crp-popup-title\\'>Differenzieren<\/h4>', 'downloadUrl': false});<\/script><\/div><div id=\"crp-tile-139\" class=\"crp-tile ftg- \" data-url=\"\" data-id=\"139\" data-catalog-id=\"21\"><div id='139'  class='crp-tile-inner crp-tile-pic  button06 overlay00 share20 details27 image01  ' ><img class='crp-tile-img' src='https:\/\/www.wunderblock.de\/wunderblock\/atopos\/WP_atopos\/wp-content\/uploads\/2018\/10\/waffen-4.k.jpg' alt='' title='waffen 4.k' caption='' description='' data-width='1908' data-height='2876' \/><div class='overlayM'><\/div><div class='overlayT'><\/div><div class='overlayB'><\/div><div class='overlayL'><\/div><div class='overlayR'><\/div><div class='details '><h3>Evakuieren<\/h3><\/div><\/div><script>CRP_GALLERY_DATASOURCE_21.push({'facebookShareUrl': 'https:\/\/www.wunderblock.de\/wunderblock\/atopos\/WP_atopos\/wp-content\/uploads\/2018\/10\/waffen-4.k-199x300.jpg','twitterShareUrl': 'https:\/\/www.wunderblock.de\/wunderblock\/atopos\/WP_atopos\/wp-content\/uploads\/2018\/10\/waffen-4.k-199x300.jpg','pinterestShareUrl': 'https:\/\/www.wunderblock.de\/wunderblock\/atopos\/WP_atopos\/wp-content\/uploads\/2018\/10\/waffen-4.k-199x300.jpg','googleplusShareUrl': 'https:\/\/www.wunderblock.de\/wunderblock\/atopos\/WP_atopos\/wp-content\/uploads\/2018\/10\/waffen-4.k-199x300.jpg', 'tweetText': 'Evakuieren', 'pinterestText': 'Evakuieren','id': '139', 'src': 'https:\/\/www.wunderblock.de\/wunderblock\/atopos\/WP_atopos\/wp-content\/uploads\/2018\/10\/waffen-4.k.jpg', 'thumb': 'https:\/\/www.wunderblock.de\/wunderblock\/atopos\/WP_atopos\/wp-content\/uploads\/2018\/10\/waffen-4.k-199x300.jpg', 'subHtml': '<h4 class=\\'crp-popup-title\\'>Evakuieren<\/h4>', 'downloadUrl': false});<\/script><\/div><div id=\"crp-tile-143\" class=\"crp-tile ftg- \" data-url=\"\" data-id=\"143\" data-catalog-id=\"21\"><div id='143'  class='crp-tile-inner crp-tile-pic  button06 overlay00 share20 details27 image01  ' ><img class='crp-tile-img' src='https:\/\/www.wunderblock.de\/wunderblock\/atopos\/WP_atopos\/wp-content\/uploads\/2018\/10\/sch\u00f6nheit.k2-e1540637842504.jpg' alt='' title='sch\u00f6nheit.k2' caption='' description='' data-width='1165' data-height='1750' \/><div class='overlayM'><\/div><div class='overlayT'><\/div><div class='overlayB'><\/div><div class='overlayL'><\/div><div class='overlayR'><\/div><div class='details '><h3>Die Sch\u00f6nheit unserere Waffen<\/h3><\/div><\/div><script>CRP_GALLERY_DATASOURCE_21.push({'facebookShareUrl': 'https:\/\/www.wunderblock.de\/wunderblock\/atopos\/WP_atopos\/wp-content\/uploads\/2018\/10\/sch\u00f6nheit.k2-e1540637842504-200x300.jpg','twitterShareUrl': 'https:\/\/www.wunderblock.de\/wunderblock\/atopos\/WP_atopos\/wp-content\/uploads\/2018\/10\/sch\u00f6nheit.k2-e1540637842504-200x300.jpg','pinterestShareUrl': 'https:\/\/www.wunderblock.de\/wunderblock\/atopos\/WP_atopos\/wp-content\/uploads\/2018\/10\/sch\u00f6nheit.k2-e1540637842504-200x300.jpg','googleplusShareUrl': 'https:\/\/www.wunderblock.de\/wunderblock\/atopos\/WP_atopos\/wp-content\/uploads\/2018\/10\/sch\u00f6nheit.k2-e1540637842504-200x300.jpg', 'tweetText': 'Die Sch\u00f6nheit unserere Waffen', 'pinterestText': 'Die Sch\u00f6nheit unserere Waffen','id': '143', 'src': 'https:\/\/www.wunderblock.de\/wunderblock\/atopos\/WP_atopos\/wp-content\/uploads\/2018\/10\/sch\u00f6nheit.k2-e1540637842504.jpg', 'thumb': 'https:\/\/www.wunderblock.de\/wunderblock\/atopos\/WP_atopos\/wp-content\/uploads\/2018\/10\/sch\u00f6nheit.k2-e1540637842504-200x300.jpg', 'subHtml': '<h4 class=\\'crp-popup-title\\'>Die Sch\u00f6nheit unserere Waffen<\/h4>', 'downloadUrl': false});<\/script><\/div><\/div><\/div><\/div><\/div>\n<script>\n    gkitWinReady(function(){\n        gkitConfigureGrid(\n            21,\n            {layoutType: 2,approxTileWidth: 300,approxTileHeight: 250,addBlock1Height: false,addBlock2Height: false,freeAddBlocks: false,margin: 10,minTileWidth: 1,gridCellSize: 10,lazy: false,dontCropImage: false,columnCalcAlgo: 'Fixed',screenSizes: {kDesktopMaxWidth: 1280,kDesktopMinWidth: 769,kMobileMaxWidth: 420,lgDesktopCols: 5,desktopCols: 5,tabletCols: 3,mobileCols: 1,},},\n            {\n                kEnableGridLazyLoad : 0,\n                kDirectLinking : 0,\n                kLoadUrlBlank : 1,\n                kDisableAlbumStylePresentation : 1,\n                kViewerBackdropClass: 'crp-2-popup-backdrop',\n                albumViewerTypeIsGrid: 0            },\n            {hash: false,autoplayFirstVideo: true,videojs: true,controls: true,actualSize: false,mode: 'lg-fade',addClass: 'fixed-size fixed-size-21 crp-popup-simple-theme-dark',counter: true,subHtmlSelectorRelative: true,zoom: false,download: false,fullScreen: false,autoplayControls: false,hideBarsDelay: 300000,pager: false,startClass: '',thumbnail: false,speed: 500,share: false,showTextToggle: false,},\n            CRP_GALLERY_DATASOURCE_21,\n            CRP_DATASOURCE_21        );\n    });\n<\/script>\n\n<p style=\"text-align: right;\"><span style=\"color: #cc0000; font-size: 12pt; font-family: open-sans;\">Holz, Fundst\u00fccke, Ziegenblut<\/span><\/p>\n","protected":false},"excerpt":{"rendered":"<p>Die Sch\u00f6nheit unserer Waffen Holz, Fundst\u00fccke, Ziegenblut<\/p>\n","protected":false},"author":1,"featured_media":0,"parent":366,"menu_order":0,"comment_status":"closed","ping_status":"closed","template":"","meta":{"footnotes":""},"class_list":["post-689","page","type-page","status-publish","hentry","no-thumb"],"_links":{"self":[{"href":"https:\/\/www.wunderblock.de\/wunderblock\/atopos\/WP_atopos\/wp-json\/wp\/v2\/pages\/689","targetHints":{"allow":["GET"]}}],"collection":[{"href":"https:\/\/www.wunderblock.de\/wunderblock\/atopos\/WP_atopos\/wp-json\/wp\/v2\/pages"}],"about":[{"href":"https:\/\/www.wunderblock.de\/wunderblock\/atopos\/WP_atopos\/wp-json\/wp\/v2\/types\/page"}],"author":[{"embeddable":true,"href":"https:\/\/www.wunderblock.de\/wunderblock\/atopos\/WP_atopos\/wp-json\/wp\/v2\/users\/1"}],"replies":[{"embeddable":true,"href":"https:\/\/www.wunderblock.de\/wunderblock\/atopos\/WP_atopos\/wp-json\/wp\/v2\/comments?post=689"}],"version-history":[{"count":3,"href":"https:\/\/www.wunderblock.de\/wunderblock\/atopos\/WP_atopos\/wp-json\/wp\/v2\/pages\/689\/revisions"}],"predecessor-version":[{"id":736,"href":"https:\/\/www.wunderblock.de\/wunderblock\/atopos\/WP_atopos\/wp-json\/wp\/v2\/pages\/689\/revisions\/736"}],"up":[{"embeddable":true,"href":"https:\/\/www.wunderblock.de\/wunderblock\/atopos\/WP_atopos\/wp-json\/wp\/v2\/pages\/366"}],"wp:attachment":[{"href":"https:\/\/www.wunderblock.de\/wunderblock\/atopos\/WP_atopos\/wp-json\/wp\/v2\/media?parent=689"}],"curies":[{"name":"wp","href":"https:\/\/api.w.org\/{rel}","templated":true}]}}