{"id":417,"date":"2018-09-25T15:34:09","date_gmt":"2018-09-25T13:34:09","guid":{"rendered":"http:\/\/www.wunderblock.de\/wunderblock\/atopos\/WP_atopos\/?page_id=417"},"modified":"2018-10-02T22:16:49","modified_gmt":"2018-10-02T20:16:49","slug":"wenig-musik","status":"publish","type":"page","link":"https:\/\/www.wunderblock.de\/wunderblock\/atopos\/WP_atopos\/objekt\/wenig-musik\/","title":{"rendered":"Wenig Musik"},"content":{"rendered":"<p><span style=\"font-size: 24pt; font-family: open-sans; color: #cc0000;\">Wenig Musik<\/span><\/p>\n\n\t\t<style>\n            <\/style>\n\n    \n<script>\n    var GKIT_NO_PRIV_AJAX_URL = '\/wunderblock\/atopos\/WP_atopos\/wp-admin\/admin-ajax.php';\n    var CRP_DATASOURCE_13 = {};\n    var CRP_GALLERY_DATASOURCE_13 = new Array();\n<\/script>\n\n<script>var gkitPermalink = '\/wunderblock\/atopos\/WP_atopos\/wp-json\/wp\/v2\/pages\/417';<\/script><div id=\"crp-content-13\" class=\"crp-content  crp-clearfix\"><div class=\"crp-wrapper crp-wrapper-gallery\"><div data-lazy-load=\"0\" id=\"gallery-13\" class=\"gallery-13\" style=\"display:none;\"><div id=\"ftg-items\" class=\"ftg-items\"><div id=\"crp-tile-80\" class=\"crp-tile ftg- \" data-url=\"\" data-id=\"80\" data-catalog-id=\"13\"><div id='80'  class='crp-tile-inner crp-tile-pic  button06 overlay00 share20 details27 image01  ' ><img class='crp-tile-img' src='https:\/\/www.wunderblock.de\/wunderblock\/atopos\/WP_atopos\/wp-content\/uploads\/2018\/10\/zauberer.k.jpg' alt='' title='zauberer.k' caption='' description='' data-width='1181' data-height='2657' \/><div class='overlayM'><\/div><div class='overlayT'><\/div><div class='overlayB'><\/div><div class='overlayL'><\/div><div class='overlayR'><\/div><div class='details '><h3>Zauberer<\/h3><\/div><\/div><script>CRP_GALLERY_DATASOURCE_13.push({'facebookShareUrl': 'https:\/\/www.wunderblock.de\/wunderblock\/atopos\/WP_atopos\/wp-content\/uploads\/2018\/10\/zauberer.k-133x300.jpg','twitterShareUrl': 'https:\/\/www.wunderblock.de\/wunderblock\/atopos\/WP_atopos\/wp-content\/uploads\/2018\/10\/zauberer.k-133x300.jpg','pinterestShareUrl': 'https:\/\/www.wunderblock.de\/wunderblock\/atopos\/WP_atopos\/wp-content\/uploads\/2018\/10\/zauberer.k-133x300.jpg','googleplusShareUrl': 'https:\/\/www.wunderblock.de\/wunderblock\/atopos\/WP_atopos\/wp-content\/uploads\/2018\/10\/zauberer.k-133x300.jpg', 'tweetText': 'Zauberer', 'pinterestText': 'Zauberer','id': '80', 'src': 'https:\/\/www.wunderblock.de\/wunderblock\/atopos\/WP_atopos\/wp-content\/uploads\/2018\/10\/zauberer.k.jpg', 'thumb': 'https:\/\/www.wunderblock.de\/wunderblock\/atopos\/WP_atopos\/wp-content\/uploads\/2018\/10\/zauberer.k-133x300.jpg', 'subHtml': '<h4 class=\\'crp-popup-title\\'>Zauberer<\/h4>', 'downloadUrl': false});<\/script><\/div><div id=\"crp-tile-79\" class=\"crp-tile ftg- \" data-url=\"\" data-id=\"79\" data-catalog-id=\"13\"><div id='79'  class='crp-tile-inner crp-tile-pic  button06 overlay00 share20 details27 image01  ' ><img class='crp-tile-img' src='https:\/\/www.wunderblock.de\/wunderblock\/atopos\/WP_atopos\/wp-content\/uploads\/2018\/10\/w\u00fcrgeengel.k.jpg' alt='' title='w\u00fcrgeengel.k' caption='' description='' data-width='1678' data-height='3147' \/><div class='overlayM'><\/div><div class='overlayT'><\/div><div class='overlayB'><\/div><div class='overlayL'><\/div><div class='overlayR'><\/div><div class='details '><h3>W\u00fcrgeengel<\/h3><\/div><\/div><script>CRP_GALLERY_DATASOURCE_13.push({'facebookShareUrl': 'https:\/\/www.wunderblock.de\/wunderblock\/atopos\/WP_atopos\/wp-content\/uploads\/2018\/10\/w\u00fcrgeengel.k-160x300.jpg','twitterShareUrl': 'https:\/\/www.wunderblock.de\/wunderblock\/atopos\/WP_atopos\/wp-content\/uploads\/2018\/10\/w\u00fcrgeengel.k-160x300.jpg','pinterestShareUrl': 'https:\/\/www.wunderblock.de\/wunderblock\/atopos\/WP_atopos\/wp-content\/uploads\/2018\/10\/w\u00fcrgeengel.k-160x300.jpg','googleplusShareUrl': 'https:\/\/www.wunderblock.de\/wunderblock\/atopos\/WP_atopos\/wp-content\/uploads\/2018\/10\/w\u00fcrgeengel.k-160x300.jpg', 'tweetText': 'W\u00fcrgeengel', 'pinterestText': 'W\u00fcrgeengel','id': '79', 'src': 'https:\/\/www.wunderblock.de\/wunderblock\/atopos\/WP_atopos\/wp-content\/uploads\/2018\/10\/w\u00fcrgeengel.k.jpg', 'thumb': 'https:\/\/www.wunderblock.de\/wunderblock\/atopos\/WP_atopos\/wp-content\/uploads\/2018\/10\/w\u00fcrgeengel.k-160x300.jpg', 'subHtml': '<h4 class=\\'crp-popup-title\\'>W\u00fcrgeengel<\/h4>', 'downloadUrl': false});<\/script><\/div><div id=\"crp-tile-78\" class=\"crp-tile ftg- \" data-url=\"\" data-id=\"78\" data-catalog-id=\"13\"><div id='78'  class='crp-tile-inner crp-tile-pic  button06 overlay00 share20 details27 image01  ' ><img class='crp-tile-img' src='https:\/\/www.wunderblock.de\/wunderblock\/atopos\/WP_atopos\/wp-content\/uploads\/2018\/10\/wenig.k.jpg' alt='' title='wenig.k' caption='' description='' data-width='1592' data-height='2957' \/><div class='overlayM'><\/div><div class='overlayT'><\/div><div class='overlayB'><\/div><div class='overlayL'><\/div><div class='overlayR'><\/div><div class='details '><h3>Wenig Musik<\/h3><\/div><\/div><script>CRP_GALLERY_DATASOURCE_13.push({'facebookShareUrl': 'https:\/\/www.wunderblock.de\/wunderblock\/atopos\/WP_atopos\/wp-content\/uploads\/2018\/10\/wenig.k-162x300.jpg','twitterShareUrl': 'https:\/\/www.wunderblock.de\/wunderblock\/atopos\/WP_atopos\/wp-content\/uploads\/2018\/10\/wenig.k-162x300.jpg','pinterestShareUrl': 'https:\/\/www.wunderblock.de\/wunderblock\/atopos\/WP_atopos\/wp-content\/uploads\/2018\/10\/wenig.k-162x300.jpg','googleplusShareUrl': 'https:\/\/www.wunderblock.de\/wunderblock\/atopos\/WP_atopos\/wp-content\/uploads\/2018\/10\/wenig.k-162x300.jpg', 'tweetText': 'Wenig Musik', 'pinterestText': 'Wenig Musik','id': '78', 'src': 'https:\/\/www.wunderblock.de\/wunderblock\/atopos\/WP_atopos\/wp-content\/uploads\/2018\/10\/wenig.k.jpg', 'thumb': 'https:\/\/www.wunderblock.de\/wunderblock\/atopos\/WP_atopos\/wp-content\/uploads\/2018\/10\/wenig.k-162x300.jpg', 'subHtml': '<h4 class=\\'crp-popup-title\\'>Wenig Musik<\/h4>', 'downloadUrl': false});<\/script><\/div><div id=\"crp-tile-77\" class=\"crp-tile ftg- \" data-url=\"\" data-id=\"77\" data-catalog-id=\"13\"><div id='77'  class='crp-tile-inner crp-tile-pic  button06 overlay00 share20 details27 image01  ' ><img class='crp-tile-img' src='https:\/\/www.wunderblock.de\/wunderblock\/atopos\/WP_atopos\/wp-content\/uploads\/2018\/10\/vorbote.k.jpg' alt='' title='vorbote.k' caption='' description='' data-width='1886' data-height='2803' \/><div class='overlayM'><\/div><div class='overlayT'><\/div><div class='overlayB'><\/div><div class='overlayL'><\/div><div class='overlayR'><\/div><div class='details '><h3>Vorbote<\/h3><\/div><\/div><script>CRP_GALLERY_DATASOURCE_13.push({'facebookShareUrl': 'https:\/\/www.wunderblock.de\/wunderblock\/atopos\/WP_atopos\/wp-content\/uploads\/2018\/10\/vorbote.k-202x300.jpg','twitterShareUrl': 'https:\/\/www.wunderblock.de\/wunderblock\/atopos\/WP_atopos\/wp-content\/uploads\/2018\/10\/vorbote.k-202x300.jpg','pinterestShareUrl': 'https:\/\/www.wunderblock.de\/wunderblock\/atopos\/WP_atopos\/wp-content\/uploads\/2018\/10\/vorbote.k-202x300.jpg','googleplusShareUrl': 'https:\/\/www.wunderblock.de\/wunderblock\/atopos\/WP_atopos\/wp-content\/uploads\/2018\/10\/vorbote.k-202x300.jpg', 'tweetText': 'Vorbote', 'pinterestText': 'Vorbote','id': '77', 'src': 'https:\/\/www.wunderblock.de\/wunderblock\/atopos\/WP_atopos\/wp-content\/uploads\/2018\/10\/vorbote.k.jpg', 'thumb': 'https:\/\/www.wunderblock.de\/wunderblock\/atopos\/WP_atopos\/wp-content\/uploads\/2018\/10\/vorbote.k-202x300.jpg', 'subHtml': '<h4 class=\\'crp-popup-title\\'>Vorbote<\/h4>', 'downloadUrl': false});<\/script><\/div><div id=\"crp-tile-76\" class=\"crp-tile ftg- \" data-url=\"\" data-id=\"76\" data-catalog-id=\"13\"><div id='76'  class='crp-tile-inner crp-tile-pic  button06 overlay00 share20 details27 image01  ' ><img class='crp-tile-img' src='https:\/\/www.wunderblock.de\/wunderblock\/atopos\/WP_atopos\/wp-content\/uploads\/2018\/10\/vate.kr_.jpg' alt='' title='vate.kr' caption='' description='' data-width='2014' data-height='3026' \/><div class='overlayM'><\/div><div class='overlayT'><\/div><div class='overlayB'><\/div><div class='overlayL'><\/div><div class='overlayR'><\/div><div class='details '><h3>Vater<\/h3><\/div><\/div><script>CRP_GALLERY_DATASOURCE_13.push({'facebookShareUrl': 'https:\/\/www.wunderblock.de\/wunderblock\/atopos\/WP_atopos\/wp-content\/uploads\/2018\/10\/vate.kr_-200x300.jpg','twitterShareUrl': 'https:\/\/www.wunderblock.de\/wunderblock\/atopos\/WP_atopos\/wp-content\/uploads\/2018\/10\/vate.kr_-200x300.jpg','pinterestShareUrl': 'https:\/\/www.wunderblock.de\/wunderblock\/atopos\/WP_atopos\/wp-content\/uploads\/2018\/10\/vate.kr_-200x300.jpg','googleplusShareUrl': 'https:\/\/www.wunderblock.de\/wunderblock\/atopos\/WP_atopos\/wp-content\/uploads\/2018\/10\/vate.kr_-200x300.jpg', 'tweetText': 'Vater', 'pinterestText': 'Vater','id': '76', 'src': 'https:\/\/www.wunderblock.de\/wunderblock\/atopos\/WP_atopos\/wp-content\/uploads\/2018\/10\/vate.kr_.jpg', 'thumb': 'https:\/\/www.wunderblock.de\/wunderblock\/atopos\/WP_atopos\/wp-content\/uploads\/2018\/10\/vate.kr_-200x300.jpg', 'subHtml': '<h4 class=\\'crp-popup-title\\'>Vater<\/h4>', 'downloadUrl': false});<\/script><\/div><div id=\"crp-tile-75\" class=\"crp-tile ftg- \" data-url=\"\" data-id=\"75\" data-catalog-id=\"13\"><div id='75'  class='crp-tile-inner crp-tile-pic  button06 overlay00 share20 details27 image01  ' ><img class='crp-tile-img' src='https:\/\/www.wunderblock.de\/wunderblock\/atopos\/WP_atopos\/wp-content\/uploads\/2018\/10\/Migraene.k.jpg' alt='' title='Migraene.k' caption='' description='' data-width='1785' data-height='2400' \/><div class='overlayM'><\/div><div class='overlayT'><\/div><div class='overlayB'><\/div><div class='overlayL'><\/div><div class='overlayR'><\/div><div class='details '><h3>Migr\u00e4ne<\/h3><\/div><\/div><script>CRP_GALLERY_DATASOURCE_13.push({'facebookShareUrl': 'https:\/\/www.wunderblock.de\/wunderblock\/atopos\/WP_atopos\/wp-content\/uploads\/2018\/10\/Migraene.k-223x300.jpg','twitterShareUrl': 'https:\/\/www.wunderblock.de\/wunderblock\/atopos\/WP_atopos\/wp-content\/uploads\/2018\/10\/Migraene.k-223x300.jpg','pinterestShareUrl': 'https:\/\/www.wunderblock.de\/wunderblock\/atopos\/WP_atopos\/wp-content\/uploads\/2018\/10\/Migraene.k-223x300.jpg','googleplusShareUrl': 'https:\/\/www.wunderblock.de\/wunderblock\/atopos\/WP_atopos\/wp-content\/uploads\/2018\/10\/Migraene.k-223x300.jpg', 'tweetText': 'Migr\u00e4ne', 'pinterestText': 'Migr\u00e4ne','id': '75', 'src': 'https:\/\/www.wunderblock.de\/wunderblock\/atopos\/WP_atopos\/wp-content\/uploads\/2018\/10\/Migraene.k.jpg', 'thumb': 'https:\/\/www.wunderblock.de\/wunderblock\/atopos\/WP_atopos\/wp-content\/uploads\/2018\/10\/Migraene.k-223x300.jpg', 'subHtml': '<h4 class=\\'crp-popup-title\\'>Migr\u00e4ne<\/h4>', 'downloadUrl': false});<\/script><\/div><div id=\"crp-tile-74\" class=\"crp-tile ftg- \" data-url=\"\" data-id=\"74\" data-catalog-id=\"13\"><div id='74'  class='crp-tile-inner crp-tile-pic  button06 overlay00 share20 details27 image01  ' ><img class='crp-tile-img' src='https:\/\/www.wunderblock.de\/wunderblock\/atopos\/WP_atopos\/wp-content\/uploads\/2018\/10\/kopf-4.k.jpg' alt='' title='kopf 4.k' caption='' description='' data-width='1453' data-height='2988' \/><div class='overlayM'><\/div><div class='overlayT'><\/div><div class='overlayB'><\/div><div class='overlayL'><\/div><div class='overlayR'><\/div><div class='details '><h3>O.T.<\/h3><\/div><\/div><script>CRP_GALLERY_DATASOURCE_13.push({'facebookShareUrl': 'https:\/\/www.wunderblock.de\/wunderblock\/atopos\/WP_atopos\/wp-content\/uploads\/2018\/10\/kopf-4.k-146x300.jpg','twitterShareUrl': 'https:\/\/www.wunderblock.de\/wunderblock\/atopos\/WP_atopos\/wp-content\/uploads\/2018\/10\/kopf-4.k-146x300.jpg','pinterestShareUrl': 'https:\/\/www.wunderblock.de\/wunderblock\/atopos\/WP_atopos\/wp-content\/uploads\/2018\/10\/kopf-4.k-146x300.jpg','googleplusShareUrl': 'https:\/\/www.wunderblock.de\/wunderblock\/atopos\/WP_atopos\/wp-content\/uploads\/2018\/10\/kopf-4.k-146x300.jpg', 'tweetText': 'O.T.', 'pinterestText': 'O.T.','id': '74', 'src': 'https:\/\/www.wunderblock.de\/wunderblock\/atopos\/WP_atopos\/wp-content\/uploads\/2018\/10\/kopf-4.k.jpg', 'thumb': 'https:\/\/www.wunderblock.de\/wunderblock\/atopos\/WP_atopos\/wp-content\/uploads\/2018\/10\/kopf-4.k-146x300.jpg', 'subHtml': '<h4 class=\\'crp-popup-title\\'>O.T.<\/h4>', 'downloadUrl': false});<\/script><\/div><div id=\"crp-tile-73\" class=\"crp-tile ftg- \" data-url=\"\" data-id=\"73\" data-catalog-id=\"13\"><div id='73'  class='crp-tile-inner crp-tile-pic  button06 overlay00 share20 details27 image01  ' ><img class='crp-tile-img' src='https:\/\/www.wunderblock.de\/wunderblock\/atopos\/WP_atopos\/wp-content\/uploads\/2018\/10\/geist.k.jpg' alt='' title='geist.k' caption='' description='' data-width='1904' data-height='3024' \/><div class='overlayM'><\/div><div class='overlayT'><\/div><div class='overlayB'><\/div><div class='overlayL'><\/div><div class='overlayR'><\/div><div class='details '><h3>Geist 1<\/h3><\/div><\/div><script>CRP_GALLERY_DATASOURCE_13.push({'facebookShareUrl': 'https:\/\/www.wunderblock.de\/wunderblock\/atopos\/WP_atopos\/wp-content\/uploads\/2018\/10\/geist.k-189x300.jpg','twitterShareUrl': 'https:\/\/www.wunderblock.de\/wunderblock\/atopos\/WP_atopos\/wp-content\/uploads\/2018\/10\/geist.k-189x300.jpg','pinterestShareUrl': 'https:\/\/www.wunderblock.de\/wunderblock\/atopos\/WP_atopos\/wp-content\/uploads\/2018\/10\/geist.k-189x300.jpg','googleplusShareUrl': 'https:\/\/www.wunderblock.de\/wunderblock\/atopos\/WP_atopos\/wp-content\/uploads\/2018\/10\/geist.k-189x300.jpg', 'tweetText': 'Geist 1', 'pinterestText': 'Geist 1','id': '73', 'src': 'https:\/\/www.wunderblock.de\/wunderblock\/atopos\/WP_atopos\/wp-content\/uploads\/2018\/10\/geist.k.jpg', 'thumb': 'https:\/\/www.wunderblock.de\/wunderblock\/atopos\/WP_atopos\/wp-content\/uploads\/2018\/10\/geist.k-189x300.jpg', 'subHtml': '<h4 class=\\'crp-popup-title\\'>Geist 1<\/h4>', 'downloadUrl': false});<\/script><\/div><div id=\"crp-tile-72\" class=\"crp-tile ftg- \" data-url=\"\" data-id=\"72\" data-catalog-id=\"13\"><div id='72'  class='crp-tile-inner crp-tile-pic  button06 overlay00 share20 details27 image01  ' ><img class='crp-tile-img' src='https:\/\/www.wunderblock.de\/wunderblock\/atopos\/WP_atopos\/wp-content\/uploads\/2018\/10\/geist-2.k.jpg' alt='' title='geist 2.k' caption='' description='' data-width='1907' data-height='3045' \/><div class='overlayM'><\/div><div class='overlayT'><\/div><div class='overlayB'><\/div><div class='overlayL'><\/div><div class='overlayR'><\/div><div class='details '><h3>Geist 2<\/h3><\/div><\/div><script>CRP_GALLERY_DATASOURCE_13.push({'facebookShareUrl': 'https:\/\/www.wunderblock.de\/wunderblock\/atopos\/WP_atopos\/wp-content\/uploads\/2018\/10\/geist-2.k-188x300.jpg','twitterShareUrl': 'https:\/\/www.wunderblock.de\/wunderblock\/atopos\/WP_atopos\/wp-content\/uploads\/2018\/10\/geist-2.k-188x300.jpg','pinterestShareUrl': 'https:\/\/www.wunderblock.de\/wunderblock\/atopos\/WP_atopos\/wp-content\/uploads\/2018\/10\/geist-2.k-188x300.jpg','googleplusShareUrl': 'https:\/\/www.wunderblock.de\/wunderblock\/atopos\/WP_atopos\/wp-content\/uploads\/2018\/10\/geist-2.k-188x300.jpg', 'tweetText': 'Geist 2', 'pinterestText': 'Geist 2','id': '72', 'src': 'https:\/\/www.wunderblock.de\/wunderblock\/atopos\/WP_atopos\/wp-content\/uploads\/2018\/10\/geist-2.k.jpg', 'thumb': 'https:\/\/www.wunderblock.de\/wunderblock\/atopos\/WP_atopos\/wp-content\/uploads\/2018\/10\/geist-2.k-188x300.jpg', 'subHtml': '<h4 class=\\'crp-popup-title\\'>Geist 2<\/h4>', 'downloadUrl': false});<\/script><\/div><div id=\"crp-tile-71\" class=\"crp-tile ftg- \" data-url=\"\" data-id=\"71\" data-catalog-id=\"13\"><div id='71'  class='crp-tile-inner crp-tile-pic  button06 overlay00 share20 details27 image01  ' ><img class='crp-tile-img' src='https:\/\/www.wunderblock.de\/wunderblock\/atopos\/WP_atopos\/wp-content\/uploads\/2018\/10\/bla.k.jpg' alt='' title='bla.k' caption='' description='' data-width='1797' data-height='2769' \/><div class='overlayM'><\/div><div class='overlayT'><\/div><div class='overlayB'><\/div><div class='overlayL'><\/div><div class='overlayR'><\/div><div class='details '><h3>Bla<\/h3><\/div><\/div><script>CRP_GALLERY_DATASOURCE_13.push({'facebookShareUrl': 'https:\/\/www.wunderblock.de\/wunderblock\/atopos\/WP_atopos\/wp-content\/uploads\/2018\/10\/bla.k-195x300.jpg','twitterShareUrl': 'https:\/\/www.wunderblock.de\/wunderblock\/atopos\/WP_atopos\/wp-content\/uploads\/2018\/10\/bla.k-195x300.jpg','pinterestShareUrl': 'https:\/\/www.wunderblock.de\/wunderblock\/atopos\/WP_atopos\/wp-content\/uploads\/2018\/10\/bla.k-195x300.jpg','googleplusShareUrl': 'https:\/\/www.wunderblock.de\/wunderblock\/atopos\/WP_atopos\/wp-content\/uploads\/2018\/10\/bla.k-195x300.jpg', 'tweetText': 'Bla', 'pinterestText': 'Bla','id': '71', 'src': 'https:\/\/www.wunderblock.de\/wunderblock\/atopos\/WP_atopos\/wp-content\/uploads\/2018\/10\/bla.k.jpg', 'thumb': 'https:\/\/www.wunderblock.de\/wunderblock\/atopos\/WP_atopos\/wp-content\/uploads\/2018\/10\/bla.k-195x300.jpg', 'subHtml': '<h4 class=\\'crp-popup-title\\'>Bla<\/h4>', 'downloadUrl': false});<\/script><\/div><\/div><\/div><\/div><\/div>\n<script>\n    gkitWinReady(function(){\n        gkitConfigureGrid(\n            13,\n            {layoutType: 2,approxTileWidth: 300,approxTileHeight: 250,addBlock1Height: false,addBlock2Height: false,freeAddBlocks: false,margin: 5,minTileWidth: 1,gridCellSize: 10,lazy: false,dontCropImage: false,columnCalcAlgo: 'Fixed',screenSizes: {kDesktopMaxWidth: 1280,kDesktopMinWidth: 769,kMobileMaxWidth: 420,lgDesktopCols: 5,desktopCols: 5,tabletCols: 3,mobileCols: 1,},},\n            {\n                kEnableGridLazyLoad : 0,\n                kDirectLinking : 0,\n                kLoadUrlBlank : 1,\n                kDisableAlbumStylePresentation : 1,\n                kViewerBackdropClass: 'crp-2-popup-backdrop',\n                albumViewerTypeIsGrid: 0            },\n            {hash: false,autoplayFirstVideo: true,videojs: true,controls: true,actualSize: false,mode: 'lg-fade',addClass: 'fixed-size fixed-size-13 crp-popup-simple-theme-dark',counter: true,subHtmlSelectorRelative: true,zoom: false,download: false,fullScreen: false,autoplayControls: false,hideBarsDelay: 300000,pager: false,startClass: '',thumbnail: false,speed: 500,share: false,showTextToggle: false,},\n            CRP_GALLERY_DATASOURCE_13,\n            CRP_DATASOURCE_13        );\n    });\n<\/script>\n\n<p style=\"text-align: right;\"><span style=\"font-family: open-sans; color: #cc0000;\">Holz, Draht, Fundst\u00fccke, Acrylfarbe<\/span><\/p>\n","protected":false},"excerpt":{"rendered":"<p>Wenig Musik Holz, Draht, Fundst\u00fccke, Acrylfarbe<\/p>\n","protected":false},"author":1,"featured_media":0,"parent":366,"menu_order":0,"comment_status":"closed","ping_status":"closed","template":"","meta":{"footnotes":""},"class_list":["post-417","page","type-page","status-publish","hentry","no-thumb"],"_links":{"self":[{"href":"https:\/\/www.wunderblock.de\/wunderblock\/atopos\/WP_atopos\/wp-json\/wp\/v2\/pages\/417","targetHints":{"allow":["GET"]}}],"collection":[{"href":"https:\/\/www.wunderblock.de\/wunderblock\/atopos\/WP_atopos\/wp-json\/wp\/v2\/pages"}],"about":[{"href":"https:\/\/www.wunderblock.de\/wunderblock\/atopos\/WP_atopos\/wp-json\/wp\/v2\/types\/page"}],"author":[{"embeddable":true,"href":"https:\/\/www.wunderblock.de\/wunderblock\/atopos\/WP_atopos\/wp-json\/wp\/v2\/users\/1"}],"replies":[{"embeddable":true,"href":"https:\/\/www.wunderblock.de\/wunderblock\/atopos\/WP_atopos\/wp-json\/wp\/v2\/comments?post=417"}],"version-history":[{"count":3,"href":"https:\/\/www.wunderblock.de\/wunderblock\/atopos\/WP_atopos\/wp-json\/wp\/v2\/pages\/417\/revisions"}],"predecessor-version":[{"id":555,"href":"https:\/\/www.wunderblock.de\/wunderblock\/atopos\/WP_atopos\/wp-json\/wp\/v2\/pages\/417\/revisions\/555"}],"up":[{"embeddable":true,"href":"https:\/\/www.wunderblock.de\/wunderblock\/atopos\/WP_atopos\/wp-json\/wp\/v2\/pages\/366"}],"wp:attachment":[{"href":"https:\/\/www.wunderblock.de\/wunderblock\/atopos\/WP_atopos\/wp-json\/wp\/v2\/media?parent=417"}],"curies":[{"name":"wp","href":"https:\/\/api.w.org\/{rel}","templated":true}]}}