{"id":3,"date":"2018-07-29T13:07:32","date_gmt":"2018-07-29T11:07:32","guid":{"rendered":"http:\/\/www.wunderblock.de\/wunderblock\/atopos\/WP_atopos\/?page_id=3"},"modified":"2025-08-05T17:33:59","modified_gmt":"2025-08-05T15:33:59","slug":"datenschutzerklaerung","status":"publish","type":"page","link":"https:\/\/www.wunderblock.de\/wunderblock\/atopos\/WP_atopos\/datenschutzerklaerung\/","title":{"rendered":"dsgvo"},"content":{"rendered":"<header class=\"page-header section-inner thin\">\n<div>\n<h1 class=\"title\"><span style=\"font-family: tahoma, arial, helvetica, sans-serif; font-size: 18pt; color: #cc0000;\">DSGVO<\/span><\/h1>\n<\/div>\n<\/header>\n<div class=\"entry-content section-inner thin\">\n<p><span style=\"font-family: tahoma, arial, helvetica, sans-serif; font-size: 18pt; color: #cc0000;\">Wir nehmen den Schutz Ihrer pers\u00f6nlichen Daten sehr ernst. Wir behandeln Ihre personenbezogenen Daten vertraulich und entsprechend der gesetzlichen Datenschutzvorschriften sowie dieser Datenschutzerkl\u00e4rung. Wir m\u00f6chten Sie hiermit \u00fcber die Verarbeitung von personenbezogenen Daten auf dieser Website informieren. Wir verarbeiten Ihre pers\u00f6nlichen Daten nur, wenn Sie hierin eingewilligt haben oder hier eine gesetzliche Grundlage besteht. Verantwortlich f\u00fcr die Verarbeitung der personenbezogenen Daten ist<\/span><\/p>\n<p><span style=\"font-family: tahoma, arial, helvetica, sans-serif; font-size: 18pt; color: #cc0000;\">Herr Klemens Schreiner, Jurastr. 22, 85131 Wachenzell, klemens.schreiner@gmx.de, Tel.: 08423\/987165<\/span><\/p>\n<p>&nbsp;<\/p>\n<p><span style=\"font-family: tahoma, arial, helvetica, sans-serif; font-size: 18pt; color: #cc0000;\">Unsere Website dient der Bereitstellung von Informationen \u00fcber unsere k\u00fcnstlerische Arbeit. Personenbezogenen Daten (Z.B. Vor-, Nachname, E-Mail-Adresse, Telefonnummer etc.) werden auf unserer Website nicht erhoben. Beim Besuch unserer Website werden durch den auf Ihrem Endger\u00e4t zum Einsatz kommenden Browser Informationen an den Server unserer Website gesendet. Diese Informationen werden tempor\u00e4r in den Logfiles des Servers gespeichert. Folgende Informationen werden dabei erhoben:<\/span><\/p>\n<ul>\n<li><span style=\"font-family: tahoma, arial, helvetica, sans-serif; font-size: 18pt; color: #cc0000;\">IP-Adresse des anfragenden Rechners,<\/span><\/li>\n<li><span style=\"font-family: tahoma, arial, helvetica, sans-serif; font-size: 18pt; color: #cc0000;\">Datum und Uhrzeit des Zugriffs,<\/span><\/li>\n<li><span style=\"font-family: tahoma, arial, helvetica, sans-serif; font-size: 18pt; color: #cc0000;\">Name und URL der abgerufenen Datei,<\/span><\/li>\n<li><span style=\"font-family: tahoma, arial, helvetica, sans-serif; font-size: 18pt; color: #cc0000;\">zuvor besuchte Webseite (Referrer-URL),<\/span><\/li>\n<li><span style=\"font-family: tahoma, arial, helvetica, sans-serif; font-size: 18pt; color: #cc0000;\">verwendeter Browser und ggf. das Betriebssystem Ihres Rechners sowie der Name Ihres Access-Providers.<\/span><\/li>\n<\/ul>\n<p><span style=\"font-family: tahoma, arial, helvetica, sans-serif; font-size: 18pt; color: #cc0000;\">Die genannten Daten werden erhoben und verarbeitet, damit ein reibungsloser Verbindungsaufbau der Website sichergestellt wird und die Inhalte korrekt dargestellt werden. Die Daten werden gel\u00f6scht, wenn sie nicht mehr erforderlich sind. Die Rechtsgrundlage f\u00fcr die Datenverarbeitung ist Artikel 6 Absatz 1 Satz 1 lit. f DSGVO. Unser berechtigtes Interesse folgt aus oben aufgelisteten Zwecken zur Datenerhebung. In keinem Fall verwenden wir die erhobenen Daten zu dem Zweck, R\u00fcckschl\u00fcsse auf Ihre Person zu ziehen.<\/span><\/p>\n<p><span style=\"font-family: tahoma, arial, helvetica, sans-serif; font-size: 18pt; color: #cc0000;\">Nutzung des Kontaktformulars\/Kontaktaufnahme per E-Mail: Wir weisen darauf hin, dass die Daten\u00fcbertragung im Internet Sicherheitsl\u00fccken aufweisen kann. Ein l\u00fcckenloser Schutz der Daten vor dem Zugriff durch Dritte ist nicht m\u00f6glich. Sollten Sie unser Kontaktformular verwenden oder \u00fcber E-Mail-Kontakt mit uns aufnehmen, erfolgt die Verarbeitung Ihrer Daten aufgrund Ihrer freiwillig erteilten Einwilligung gem\u00e4\u00df Artikel 6 Absatz 1 Satz 1 lit. a DSGVO.<\/span><\/p>\n<p><span style=\"font-family: tahoma, arial, helvetica, sans-serif; font-size: 18pt; color: #cc0000;\">Die Angabe Ihrer g\u00fcltigen E-Mail-Adresse ist erforderlich, um Ihre Anfragen beantworten zu k\u00f6nnen. Diese Daten und Ihre Nachricht werden nur zur Bearbeitung und Beantwortung Ihrer Anfrage gespeichert. Die Daten werden gel\u00f6scht, sobald sie nicht mehr erforderlich sind und keine gesetzliche Aufbewahrungspflicht besteht. Eine Weitergabe Ihrer Daten an Dritte erfolgt nicht. Ihre Einwilligung k\u00f6nnen Sie jederzeit widerrufen. Durch den Widerruf wird die Rechtm\u00e4\u00dfigkeit, der aufgrund der Einwilligung bis zum Widerruf erfolgten Verarbeitung der Daten nicht ber\u00fchrt. Den Widerruf k\u00f6nnen Sie schriftlich oder per E-Mail-richten an: Klemens Schreiner, Jurastr. 22, 85131 Wachenzell, klemens.schreiner@gmx.de. Zum Schutz der \u00dcbertragung vertraulicher Inhalte wird bei der Verwendung des Kontaktformulars eine SSL-Verschl\u00fcsselung (Secure Socket Layer) in Verbindung mit der jeweils h\u00f6chsten Verschl\u00fcsselungsstufe verwendet. Eine verschl\u00fcsselte Seite erkennen Sie an der Adresszeile des Browsers, der von \u201e<u>http:\/\/<\/u>\u201c auf \u201e<u>https:\/\/<\/u>\u201c wechselt, oder am Schlosssymbol in der Browserzeile. Bitte schreiben Sie keine vertraulichen Informationen, insbesondere Gesundheitsdaten in das Kontaktformular oder in eine unverschl\u00fcsselte E-Mail, sondern nutzen Sie es nur zu einer ersten Kontaktaufnahme.<\/span><\/p>\n<\/div>\n","protected":false},"excerpt":{"rendered":"<p>DSGVO Wir nehmen den Schutz Ihrer pers\u00f6nlichen Daten sehr ernst. Wir behandeln Ihre personenbezogenen Daten vertraulich und entsprechend der gesetzlichen Datenschutzvorschriften sowie dieser Datenschutzerkl\u00e4rung. Wir m\u00f6chten Sie hiermit \u00fcber die Verarbeitung von personenbezogenen Daten auf dieser Website informieren. Wir verarbeiten Ihre pers\u00f6nlichen Daten nur, wenn Sie hierin eingewilligt haben oder hier eine gesetzliche Grundlage besteht.Continue reading &rarr;<\/p>\n","protected":false},"author":1,"featured_media":0,"parent":0,"menu_order":80,"comment_status":"closed","ping_status":"closed","template":"","meta":{"footnotes":""},"class_list":["post-3","page","type-page","status-publish","hentry","no-thumb"],"_links":{"self":[{"href":"https:\/\/www.wunderblock.de\/wunderblock\/atopos\/WP_atopos\/wp-json\/wp\/v2\/pages\/3","targetHints":{"allow":["GET"]}}],"collection":[{"href":"https:\/\/www.wunderblock.de\/wunderblock\/atopos\/WP_atopos\/wp-json\/wp\/v2\/pages"}],"about":[{"href":"https:\/\/www.wunderblock.de\/wunderblock\/atopos\/WP_atopos\/wp-json\/wp\/v2\/types\/page"}],"author":[{"embeddable":true,"href":"https:\/\/www.wunderblock.de\/wunderblock\/atopos\/WP_atopos\/wp-json\/wp\/v2\/users\/1"}],"replies":[{"embeddable":true,"href":"https:\/\/www.wunderblock.de\/wunderblock\/atopos\/WP_atopos\/wp-json\/wp\/v2\/comments?post=3"}],"version-history":[{"count":7,"href":"https:\/\/www.wunderblock.de\/wunderblock\/atopos\/WP_atopos\/wp-json\/wp\/v2\/pages\/3\/revisions"}],"predecessor-version":[{"id":950,"href":"https:\/\/www.wunderblock.de\/wunderblock\/atopos\/WP_atopos\/wp-json\/wp\/v2\/pages\/3\/revisions\/950"}],"wp:attachment":[{"href":"https:\/\/www.wunderblock.de\/wunderblock\/atopos\/WP_atopos\/wp-json\/wp\/v2\/media?parent=3"}],"curies":[{"name":"wp","href":"https:\/\/api.w.org\/{rel}","templated":true}]}}