{"id":24,"date":"2018-08-25T16:34:01","date_gmt":"2018-08-25T14:34:01","guid":{"rendered":"http:\/\/www.wunderblock.de\/wunderblock\/atopos\/WP_atopos\/?page_id=24"},"modified":"2025-08-05T17:35:56","modified_gmt":"2025-08-05T15:35:56","slug":"impressum","status":"publish","type":"page","link":"https:\/\/www.wunderblock.de\/wunderblock\/atopos\/WP_atopos\/impressum\/","title":{"rendered":"Impressum"},"content":{"rendered":"<header class=\"page-header section-inner thin\">\n<div>\n<h1 class=\"title\" style=\"text-align: center;\"><span style=\"font-family: tahoma, arial, helvetica, sans-serif;\"><span style=\"font-size: 24pt; color: #cc0000;\">Impressum<\/span><\/span><\/h1>\n<\/div>\n<\/header>\n<div class=\"entry-content section-inner thin\">\n<h4 align=\"center\"><span style=\"font-size: 18pt; font-family: tahoma, arial, helvetica, sans-serif; color: #cc0000;\"><span lang=\"de\">Klemens Schreiner<br \/>\nJurastr. 22<br \/>\n85131 Wachenzell<\/span><\/span><\/h4>\n<h4 align=\"center\"><span style=\"font-size: 18pt; font-family: tahoma, arial, helvetica, sans-serif; color: #cc0000;\"><span lang=\"de\"> <a style=\"color: #cc0000;\" href=\"mailto:Klemens.Schreiner@gmx.de\">Klemens.Schreiner@gmx.de<\/a><\/span><\/span><\/h4>\n<h4 align=\"center\"><\/h4>\n<h4 align=\"center\"><span lang=\"de\" style=\"font-size: 18pt; font-family: tahoma, arial, helvetica, sans-serif; color: #cc0000;\">Rechtsausschluss! Auf der Website ATOPOS<br \/>\nwurden Links zu anderen Seiten im Internet gelegt.<br \/>\nAuf keine der fremdverantworteten, gelinkten Seiten, ihren Inhalt oder Gestaltung kann ich<br \/>\nEinfluss nehmen, sodass ich mich ausdr\u00fccklich von allen Inhalten<br \/>\nder gelinkten Seiten und deren Unterseiten distanziere.<br \/>\nDiese Erkl\u00e4rung gilt f\u00fcr alle auf dieser Website ausgebrachten Links<br \/>\nund f\u00fcr alle Inhalte der Seiten, zu denen Links f\u00fchren<\/span><\/h4>\n<\/div>\n","protected":false},"excerpt":{"rendered":"<p>Impressum Klemens Schreiner Jurastr. 22 85131 Wachenzell Klemens.Schreiner@gmx.de Rechtsausschluss! Auf der Website ATOPOS wurden Links zu anderen Seiten im Internet gelegt. Auf keine der fremdverantworteten, gelinkten Seiten, ihren Inhalt oder Gestaltung kann ich Einfluss nehmen, sodass ich mich ausdr\u00fccklich von allen Inhalten der gelinkten Seiten und deren Unterseiten distanziere. Diese Erkl\u00e4rung gilt f\u00fcr alle aufContinue reading &rarr;<\/p>\n","protected":false},"author":1,"featured_media":0,"parent":0,"menu_order":70,"comment_status":"closed","ping_status":"closed","template":"","meta":{"footnotes":""},"class_list":["post-24","page","type-page","status-publish","hentry","no-thumb"],"_links":{"self":[{"href":"https:\/\/www.wunderblock.de\/wunderblock\/atopos\/WP_atopos\/wp-json\/wp\/v2\/pages\/24","targetHints":{"allow":["GET"]}}],"collection":[{"href":"https:\/\/www.wunderblock.de\/wunderblock\/atopos\/WP_atopos\/wp-json\/wp\/v2\/pages"}],"about":[{"href":"https:\/\/www.wunderblock.de\/wunderblock\/atopos\/WP_atopos\/wp-json\/wp\/v2\/types\/page"}],"author":[{"embeddable":true,"href":"https:\/\/www.wunderblock.de\/wunderblock\/atopos\/WP_atopos\/wp-json\/wp\/v2\/users\/1"}],"replies":[{"embeddable":true,"href":"https:\/\/www.wunderblock.de\/wunderblock\/atopos\/WP_atopos\/wp-json\/wp\/v2\/comments?post=24"}],"version-history":[{"count":11,"href":"https:\/\/www.wunderblock.de\/wunderblock\/atopos\/WP_atopos\/wp-json\/wp\/v2\/pages\/24\/revisions"}],"predecessor-version":[{"id":953,"href":"https:\/\/www.wunderblock.de\/wunderblock\/atopos\/WP_atopos\/wp-json\/wp\/v2\/pages\/24\/revisions\/953"}],"wp:attachment":[{"href":"https:\/\/www.wunderblock.de\/wunderblock\/atopos\/WP_atopos\/wp-json\/wp\/v2\/media?parent=24"}],"curies":[{"name":"wp","href":"https:\/\/api.w.org\/{rel}","templated":true}]}}