{"id":147,"date":"2018-08-30T22:30:33","date_gmt":"2018-08-30T20:30:33","guid":{"rendered":"http:\/\/www.wunderblock.de\/wunderblock\/atopos\/WP_atopos\/?page_id=147"},"modified":"2025-08-05T17:29:58","modified_gmt":"2025-08-05T15:29:58","slug":"info","status":"publish","type":"page","link":"https:\/\/www.wunderblock.de\/wunderblock\/atopos\/WP_atopos\/info\/","title":{"rendered":"Info"},"content":{"rendered":"<div id=\"pl-147\"  class=\"panel-layout\" ><div id=\"pg-147-0\"  class=\"panel-grid panel-no-style\" ><div id=\"pgc-147-0-0\"  class=\"panel-grid-cell\" ><div id=\"panel-147-0-0-0\" class=\"so-panel widget widget_sow-editor panel-first-child panel-last-child\" data-index=\"0\" ><div\n\t\t\t\n\t\t\tclass=\"so-widget-sow-editor so-widget-sow-editor-base\"\n\t\t\t\n\t\t>\n<div class=\"siteorigin-widget-tinymce textwidget\">\n\t<p><span style=\"font-family: open-sans;\"><a href=\"http:\/\/www.klemens-schreiner.de\" target=\"_blank\" rel=\"noopener\"><span style=\"font-size: 24pt;\"><strong><span lang=\"de\" style=\"color: #cc0000;\"><span style=\"font-family: tahoma, arial, helvetica, sans-serif;\">KLEMENS SCHREINER<\/span><\/span><\/strong><\/span><\/a><\/span><\/p>\n<p><span lang=\"de\" style=\"font-family: tahoma, arial, helvetica, sans-serif; font-size: 18pt; color: #cc0000;\">Geb. 1961<\/span><\/p>\n<p><span lang=\"de\" style=\"font-family: tahoma, arial, helvetica, sans-serif; font-size: 18pt; color: #cc0000;\">Bildhauerausbildung im Handwerk<br \/>\nStudium Ethnologie, Philosophie, Kunstgeschichte<\/span><\/p>\n<p><span lang=\"de\" style=\"font-family: tahoma, arial, helvetica, sans-serif; font-size: 18pt; color: #cc0000;\"><a href=\"http:\/\/www.atopos.de\"><span style=\"color: #cc0000;\">Bildhauerei<\/span><\/a><br \/>\n<a style=\"color: #cc0000;\" href=\"http:\/\/www.atopos.de\">Rauminstallation<\/a><br \/>\n<a style=\"color: #cc0000;\" href=\"http:\/\/www.semaphor.org\" target=\"_blank\" rel=\"noopener\">Grafik<\/a><br \/>\n<a style=\"color: #cc0000;\" href=\"http:\/\/www.derblickdurchsglas.de\" target=\"_blank\" rel=\"noopener\">Fotografie<\/a><br \/>\n<a style=\"color: #cc0000;\" href=\"http:\/\/www.semaphor.org\" target=\"_blank\" rel=\"noopener\">Zeichnung<\/a><br \/>\n<\/span><\/p>\n<p>&nbsp;<\/p>\n<p><span style=\"font-size: 18pt; font-family: tahoma, arial, helvetica, sans-serif; color: #cc0000;\">Arbeiten:<\/span><\/p>\n<p><span style=\"font-size: 18pt; font-family: tahoma, arial, helvetica, sans-serif; color: #cc0000;\"><img loading=\"lazy\" decoding=\"async\" class=\"alignnone wp-image-907\" src=\"http:\/\/www.wunderblock.de\/wunderblock\/atopos\/WP_atopos\/wp-content\/uploads\/2020\/07\/signal-hill3-300x300.jpg\" alt=\"\" width=\"174\" height=\"174\" srcset=\"https:\/\/www.wunderblock.de\/wunderblock\/atopos\/WP_atopos\/wp-content\/uploads\/2020\/07\/signal-hill3-300x300.jpg 300w, https:\/\/www.wunderblock.de\/wunderblock\/atopos\/WP_atopos\/wp-content\/uploads\/2020\/07\/signal-hill3-1024x1024.jpg 1024w, https:\/\/www.wunderblock.de\/wunderblock\/atopos\/WP_atopos\/wp-content\/uploads\/2020\/07\/signal-hill3-150x150.jpg 150w, https:\/\/www.wunderblock.de\/wunderblock\/atopos\/WP_atopos\/wp-content\/uploads\/2020\/07\/signal-hill3-768x768.jpg 768w, https:\/\/www.wunderblock.de\/wunderblock\/atopos\/WP_atopos\/wp-content\/uploads\/2020\/07\/signal-hill3-1536x1536.jpg 1536w, https:\/\/www.wunderblock.de\/wunderblock\/atopos\/WP_atopos\/wp-content\/uploads\/2020\/07\/signal-hill3.jpg 1698w\" sizes=\"auto, (max-width: 174px) 100vw, 174px\" \/> \u00a0 <span style=\"font-size: 14pt;\"><a href=\"http:\/\/www.semaphor.org\" target=\"_blank\" rel=\"noopener\"><span style=\"color: #cc0000;\">www.semaphor.org<\/span><\/a><\/span><\/span><\/p>\n<p><span style=\"font-size: 18pt; font-family: tahoma, arial, helvetica, sans-serif; color: #cc0000;\"><img loading=\"lazy\" decoding=\"async\" class=\"alignnone wp-image-908\" src=\"http:\/\/www.wunderblock.de\/wunderblock\/atopos\/WP_atopos\/wp-content\/uploads\/2020\/07\/Box-300x265.jpg\" alt=\"\" width=\"175\" height=\"154\" srcset=\"https:\/\/www.wunderblock.de\/wunderblock\/atopos\/WP_atopos\/wp-content\/uploads\/2020\/07\/Box-300x265.jpg 300w, https:\/\/www.wunderblock.de\/wunderblock\/atopos\/WP_atopos\/wp-content\/uploads\/2020\/07\/Box-1024x904.jpg 1024w, https:\/\/www.wunderblock.de\/wunderblock\/atopos\/WP_atopos\/wp-content\/uploads\/2020\/07\/Box-768x678.jpg 768w, https:\/\/www.wunderblock.de\/wunderblock\/atopos\/WP_atopos\/wp-content\/uploads\/2020\/07\/Box-1536x1356.jpg 1536w, https:\/\/www.wunderblock.de\/wunderblock\/atopos\/WP_atopos\/wp-content\/uploads\/2020\/07\/Box.jpg 1805w\" sizes=\"auto, (max-width: 175px) 100vw, 175px\" \/>\u00a0 <span style=\"font-size: 14pt;\"><a style=\"color: #cc0000;\" href=\"http:\/\/www.derblickdurchsglas.de\" target=\"_blank\" rel=\"noopener\">www.derblickdurchsglas.de<\/a><\/span><\/span><\/p>\n<p>&nbsp;<\/p>\n<\/div>\n<\/div><\/div><\/div><div id=\"pgc-147-0-1\"  class=\"panel-grid-cell\" ><div id=\"panel-147-0-1-0\" class=\"so-panel widget widget_sow-editor panel-first-child panel-last-child\" data-index=\"1\" ><div\n\t\t\t\n\t\t\tclass=\"so-widget-sow-editor so-widget-sow-editor-base\"\n\t\t\t\n\t\t>\n<div class=\"siteorigin-widget-tinymce textwidget\">\n\t<p style=\"text-align: right;\"><span style=\"font-family: tahoma, arial, helvetica, sans-serif; font-size: 18pt; color: #cc0000;\">Ja, es l\u00e4\u00dft sich nicht leugnen, dass mich der Schwund, der Zerfall interessiert,<br \/>\nalles, was nicht so ist, wie es sein k\u00f6nnte oder sein soll.<\/span><br \/>\n<span style=\"font-family: tahoma, arial, helvetica, sans-serif;\"><span style=\"font-size: 18pt; color: #cc0000;\">Alles was auf halben Weg stehengeblieben ist und keine Kraft, <\/span><span style=\"font-size: 18pt; color: #cc0000;\">keine Lust <\/span><span style=\"font-size: 18pt; color: #cc0000;\">oder keine Idee mehr hat,<\/span><\/span><br \/>\n<span style=\"font-family: tahoma, arial, helvetica, sans-serif;\"><span style=\"font-size: 18pt; color: #cc0000;\">alles, was man eingestellt, aufgegeben und sich abgeschminkt hat,<br \/>\nalles was nicht \u00fcberlebt, keine Spuren hinterl\u00e4\u00dft, <\/span><span style=\"font-size: 18pt; color: #cc0000;\">was nur um seiner selbst willen besteht<br \/>\nund keine Wehmut, Trauer oder Erinnerung weckt.<\/span><\/span><br \/>\n<span style=\"font-family: tahoma, arial, helvetica, sans-serif; font-size: 18pt; color: #cc0000;\">Vollendete Gegenwart, Geschichten, die so lange dauern, wie sie erz\u00e4hlt werden,<br \/>\nDinge, die nur existieren, wenn jemand sie betrachtet.<\/span><br \/>\n<span style=\"font-family: tahoma, arial, helvetica, sans-serif; font-size: 18pt; color: #cc0000;\">Ja das verfolgt mich, dieser ganze Rest\u2026\u2026. (Andrzej Stasiuk)<\/span><\/p>\n<p>&nbsp;<\/p>\n<p><img loading=\"lazy\" decoding=\"async\" class=\" wp-image-635 alignright\" src=\"http:\/\/www.wunderblock.de\/wunderblock\/atopos\/WP_atopos\/wp-content\/uploads\/2018\/10\/potter.k-e1538676915274-300x168.jpg\" alt=\"\" width=\"755\" height=\"423\" srcset=\"https:\/\/www.wunderblock.de\/wunderblock\/atopos\/WP_atopos\/wp-content\/uploads\/2018\/10\/potter.k-e1538676915274-300x168.jpg 300w, https:\/\/www.wunderblock.de\/wunderblock\/atopos\/WP_atopos\/wp-content\/uploads\/2018\/10\/potter.k-e1538676915274-768x431.jpg 768w, https:\/\/www.wunderblock.de\/wunderblock\/atopos\/WP_atopos\/wp-content\/uploads\/2018\/10\/potter.k-e1538676915274-1024x574.jpg 1024w\" sizes=\"auto, (max-width: 755px) 100vw, 755px\" \/><\/p>\n<\/div>\n<\/div><\/div><\/div><\/div><\/div>","protected":false},"excerpt":{"rendered":"<p>KLEMENS SCHREINER Geb. 1961 Bildhauerausbildung im Handwerk Studium Ethnologie, Philosophie, Kunstgeschichte Bildhauerei Rauminstallation Grafik Fotografie Zeichnung &nbsp; Arbeiten: \u00a0 www.semaphor.org \u00a0 www.derblickdurchsglas.de &nbsp; Ja, es l\u00e4\u00dft sich nicht leugnen, dass mich der Schwund, der Zerfall interessiert, alles, was nicht so ist, wie es sein k\u00f6nnte oder sein soll. Alles was auf halben Weg stehengeblieben istContinue reading &rarr;<\/p>\n","protected":false},"author":1,"featured_media":0,"parent":0,"menu_order":0,"comment_status":"closed","ping_status":"closed","template":"","meta":{"footnotes":""},"class_list":["post-147","page","type-page","status-publish","hentry","no-thumb"],"_links":{"self":[{"href":"https:\/\/www.wunderblock.de\/wunderblock\/atopos\/WP_atopos\/wp-json\/wp\/v2\/pages\/147","targetHints":{"allow":["GET"]}}],"collection":[{"href":"https:\/\/www.wunderblock.de\/wunderblock\/atopos\/WP_atopos\/wp-json\/wp\/v2\/pages"}],"about":[{"href":"https:\/\/www.wunderblock.de\/wunderblock\/atopos\/WP_atopos\/wp-json\/wp\/v2\/types\/page"}],"author":[{"embeddable":true,"href":"https:\/\/www.wunderblock.de\/wunderblock\/atopos\/WP_atopos\/wp-json\/wp\/v2\/users\/1"}],"replies":[{"embeddable":true,"href":"https:\/\/www.wunderblock.de\/wunderblock\/atopos\/WP_atopos\/wp-json\/wp\/v2\/comments?post=147"}],"version-history":[{"count":51,"href":"https:\/\/www.wunderblock.de\/wunderblock\/atopos\/WP_atopos\/wp-json\/wp\/v2\/pages\/147\/revisions"}],"predecessor-version":[{"id":947,"href":"https:\/\/www.wunderblock.de\/wunderblock\/atopos\/WP_atopos\/wp-json\/wp\/v2\/pages\/147\/revisions\/947"}],"wp:attachment":[{"href":"https:\/\/www.wunderblock.de\/wunderblock\/atopos\/WP_atopos\/wp-json\/wp\/v2\/media?parent=147"}],"curies":[{"name":"wp","href":"https:\/\/api.w.org\/{rel}","templated":true}]}}