{"id":64,"date":"2017-10-29T21:45:45","date_gmt":"2017-10-29T20:45:45","guid":{"rendered":"http:\/\/www.wunderblock.de\/wunderblock\/alle-guten-geister\/wordpress_agg\/?page_id=64"},"modified":"2021-04-10T20:29:39","modified_gmt":"2021-04-10T18:29:39","slug":"impressum","status":"publish","type":"page","link":"https:\/\/www.wunderblock.de\/wunderblock\/alle-guten-geister\/wordpress_agg\/impressum\/","title":{"rendered":"impressum"},"content":{"rendered":"<p align=\"left\"><span style=\"font-family: Arial;\"><span style=\"font-size: x-large;\"><span lang=\"de-DE\">Rechtsausschluss! <\/span><\/span><\/span><\/p>\n<p align=\"left\"><span style=\"font-family: Arial;\"><span style=\"font-size: x-large;\"><span lang=\"de-DE\">Auf der Website <\/span><\/span><\/span><strong><span style=\"font-family: Arial;\"><span style=\"font-size: x-large;\"><span lang=\"de-DE\">Alle Guten Geister<\/span><\/span><\/span><\/strong><span style=\"font-family: Arial;\"><span style=\"font-size: x-large;\"><span lang=\"de-DE\"> wurden Links zu anderen Seiten im Internet gelegt.<br \/>\n<\/span><\/span><\/span><br \/>\n<span style=\"font-family: Arial;\"><span style=\"font-size: x-large;\"><span lang=\"de-DE\">Auf keine der fremdverantworteten, gelinkten Seiten, ihren Inhalt oder Gestaltung k\u00f6nnen wir Einfluss nehmen, sodass wir uns ausdr\u00fccklich von allen Inhalten der gelinkten Seiten und deren Unterseiten distanzieren. Diese Erkl\u00e4rung gilt f\u00fcr alle auf dieser Website ausgebrachten Links und <\/span><\/span><\/span><span style=\"font-family: Arial;\"><span style=\"font-size: x-large;\"><span lang=\"de-DE\">f\u00fcr alle Inhalte der Seiten, zu denen Links f\u00fchren.<\/span><\/span><\/span><\/p>\n<p align=\"left\"><span style=\"font-family: Arial;\"><span style=\"font-size: x-large;\"><span lang=\"de-DE\">Klemens Schreiner\u00a0\u00a0\u00a0 <\/span><\/span><\/span><span style=\"font-family: Arial;\"><span style=\"font-size: x-large;\"><span lang=\"de-DE\">Jurastr. 22\u00a0\u00a0\u00a0 <\/span><\/span><\/span><span style=\"font-family: Arial;\"><span style=\"font-size: x-large;\"><span lang=\"de-DE\">D \u2013 85131 Wachenzell<\/span><\/span><\/span><\/p>\n","protected":false},"excerpt":{"rendered":"<p>Rechtsausschluss! Auf der Website Alle Guten Geister wurden Links zu anderen Seiten im Internet gelegt. Auf keine der fremdverantworteten, gelinkten Seiten, ihren Inhalt oder Gestaltung k\u00f6nnen wir Einfluss nehmen, sodass wir uns ausdr\u00fccklich von allen Inhalten der gelinkten Seiten und deren Unterseiten distanzieren. Diese Erkl\u00e4rung gilt f\u00fcr alle auf dieser Website ausgebrachten Links und f\u00fcr &hellip; <a href=\"https:\/\/www.wunderblock.de\/wunderblock\/alle-guten-geister\/wordpress_agg\/impressum\/\" class=\"more-link\"><span class=\"screen-reader-text\">\u201eimpressum\u201c <\/span>weiterlesen<\/a><\/p>\n","protected":false},"author":1,"featured_media":0,"parent":0,"menu_order":11,"comment_status":"closed","ping_status":"closed","template":"","meta":{"footnotes":""},"class_list":["post-64","page","type-page","status-publish","hentry"],"_links":{"self":[{"href":"https:\/\/www.wunderblock.de\/wunderblock\/alle-guten-geister\/wordpress_agg\/wp-json\/wp\/v2\/pages\/64","targetHints":{"allow":["GET"]}}],"collection":[{"href":"https:\/\/www.wunderblock.de\/wunderblock\/alle-guten-geister\/wordpress_agg\/wp-json\/wp\/v2\/pages"}],"about":[{"href":"https:\/\/www.wunderblock.de\/wunderblock\/alle-guten-geister\/wordpress_agg\/wp-json\/wp\/v2\/types\/page"}],"author":[{"embeddable":true,"href":"https:\/\/www.wunderblock.de\/wunderblock\/alle-guten-geister\/wordpress_agg\/wp-json\/wp\/v2\/users\/1"}],"replies":[{"embeddable":true,"href":"https:\/\/www.wunderblock.de\/wunderblock\/alle-guten-geister\/wordpress_agg\/wp-json\/wp\/v2\/comments?post=64"}],"version-history":[{"count":5,"href":"https:\/\/www.wunderblock.de\/wunderblock\/alle-guten-geister\/wordpress_agg\/wp-json\/wp\/v2\/pages\/64\/revisions"}],"predecessor-version":[{"id":2875,"href":"https:\/\/www.wunderblock.de\/wunderblock\/alle-guten-geister\/wordpress_agg\/wp-json\/wp\/v2\/pages\/64\/revisions\/2875"}],"wp:attachment":[{"href":"https:\/\/www.wunderblock.de\/wunderblock\/alle-guten-geister\/wordpress_agg\/wp-json\/wp\/v2\/media?parent=64"}],"curies":[{"name":"wp","href":"https:\/\/api.w.org\/{rel}","templated":true}]}}