{"id":560,"date":"2018-07-18T21:57:25","date_gmt":"2018-07-18T19:57:25","guid":{"rendered":"http:\/\/www.wunderblock.de\/wunderblock\/alle-guten-geister\/wordpress_agg\/?page_id=560"},"modified":"2025-08-17T10:30:29","modified_gmt":"2025-08-17T08:30:29","slug":"lfd-nr-16","status":"publish","type":"page","link":"https:\/\/www.wunderblock.de\/wunderblock\/alle-guten-geister\/wordpress_agg\/serie-1\/lfd-nr-16\/","title":{"rendered":"lfd. nr. 16"},"content":{"rendered":"<p><strong>fr\u00f6lich &amp; kaufmann | 27. november 2015<\/strong><\/p>\n<p>jubil\u00e4umskatalog 25&#8242; 2013<\/p>\n<p><strong>&#8218;&#8230; feiern ihr 35 j\u00e4hriges bestehen als lausbuben&#8216;<\/strong><\/p>\n<p>digitalfotografie am set;<\/p>\n<p>signiert und nummeriert;<\/p>\n<p>aufl. 10 expl. incl. jubil\u00e4umskatalog im postkartenkarton<\/p>\n<div class=\"rl-gallery-container rl-loading\" id=\"rl-gallery-container-1\" data-gallery_id=\"851\"> <div class=\"rl-gallery rl-basicgrid-gallery \" id=\"rl-gallery-1\" data-gallery_no=\"1\"> <div class=\"rl-gallery-item\"><a href=\"https:\/\/www.wunderblock.de\/wunderblock\/alle-guten-geister\/wordpress_agg\/wp-content\/uploads\/2018\/07\/fk.jpg\" title=\"\" data-rl_title=\"\" class=\"rl-gallery-link\" data-rl_caption=\"\" data-rel=\"lightbox-gallery-1\"><img loading=\"lazy\" decoding=\"async\" src=\"https:\/\/www.wunderblock.de\/wunderblock\/alle-guten-geister\/wordpress_agg\/wp-content\/uploads\/2018\/07\/fk-150x150.jpg\" width=\"150\" height=\"150\" alt=\"\" \/><\/a><\/div><div class=\"rl-gallery-item\"><a href=\"https:\/\/www.wunderblock.de\/wunderblock\/alle-guten-geister\/wordpress_agg\/wp-content\/uploads\/2018\/07\/fk1.jpg\" title=\"\" data-rl_title=\"\" class=\"rl-gallery-link\" data-rl_caption=\"\" data-rel=\"lightbox-gallery-1\"><img loading=\"lazy\" decoding=\"async\" src=\"https:\/\/www.wunderblock.de\/wunderblock\/alle-guten-geister\/wordpress_agg\/wp-content\/uploads\/2018\/07\/fk1-150x150.jpg\" width=\"150\" height=\"150\" alt=\"\" \/><\/a><\/div> <\/div> <\/div>\n<p><a href=\"https:\/\/www.wunderblock.de\/wunderblock\/alle-guten-geister\/wordpress_agg\/serie-1\/lfd-nr-16\/fundus-lfd-nr-16\/\" rel=\"noopener\"><span style=\"color: #808080;\">fundus<\/span><\/a><\/p>\n","protected":false},"excerpt":{"rendered":"<p>fr\u00f6lich &amp; kaufmann | 27. november 2015 jubil\u00e4umskatalog 25&#8242; 2013 &#8218;&#8230; feiern ihr 35 j\u00e4hriges bestehen als lausbuben&#8216; digitalfotografie am set; signiert und nummeriert; aufl. 10 expl. incl. jubil\u00e4umskatalog im postkartenkarton fundus<\/p>\n","protected":false},"author":1,"featured_media":0,"parent":35,"menu_order":3,"comment_status":"closed","ping_status":"closed","template":"","meta":{"footnotes":""},"class_list":["post-560","page","type-page","status-publish","hentry"],"_links":{"self":[{"href":"https:\/\/www.wunderblock.de\/wunderblock\/alle-guten-geister\/wordpress_agg\/wp-json\/wp\/v2\/pages\/560","targetHints":{"allow":["GET"]}}],"collection":[{"href":"https:\/\/www.wunderblock.de\/wunderblock\/alle-guten-geister\/wordpress_agg\/wp-json\/wp\/v2\/pages"}],"about":[{"href":"https:\/\/www.wunderblock.de\/wunderblock\/alle-guten-geister\/wordpress_agg\/wp-json\/wp\/v2\/types\/page"}],"author":[{"embeddable":true,"href":"https:\/\/www.wunderblock.de\/wunderblock\/alle-guten-geister\/wordpress_agg\/wp-json\/wp\/v2\/users\/1"}],"replies":[{"embeddable":true,"href":"https:\/\/www.wunderblock.de\/wunderblock\/alle-guten-geister\/wordpress_agg\/wp-json\/wp\/v2\/comments?post=560"}],"version-history":[{"count":8,"href":"https:\/\/www.wunderblock.de\/wunderblock\/alle-guten-geister\/wordpress_agg\/wp-json\/wp\/v2\/pages\/560\/revisions"}],"predecessor-version":[{"id":3550,"href":"https:\/\/www.wunderblock.de\/wunderblock\/alle-guten-geister\/wordpress_agg\/wp-json\/wp\/v2\/pages\/560\/revisions\/3550"}],"up":[{"embeddable":true,"href":"https:\/\/www.wunderblock.de\/wunderblock\/alle-guten-geister\/wordpress_agg\/wp-json\/wp\/v2\/pages\/35"}],"wp:attachment":[{"href":"https:\/\/www.wunderblock.de\/wunderblock\/alle-guten-geister\/wordpress_agg\/wp-json\/wp\/v2\/media?parent=560"}],"curies":[{"name":"wp","href":"https:\/\/api.w.org\/{rel}","templated":true}]}}