{"id":3905,"date":"2025-08-22T10:39:50","date_gmt":"2025-08-22T08:39:50","guid":{"rendered":"https:\/\/www.wunderblock.de\/wunderblock\/alle-guten-geister\/wordpress_agg\/?page_id=3905"},"modified":"2025-08-22T10:47:39","modified_gmt":"2025-08-22T08:47:39","slug":"lfd-nr-53","status":"publish","type":"page","link":"https:\/\/www.wunderblock.de\/wunderblock\/alle-guten-geister\/wordpress_agg\/lfd-nr-53\/","title":{"rendered":"lfd. nr. 53"},"content":{"rendered":"<p><strong>Jean Cocteau<\/strong><\/p>\n<p>Alles Gleichzeitig<\/p>\n<p><strong>Re:Reenacted<\/strong> [by Kamen et. al.]<\/p>\n<p>Digitalfotografie am Set in Wachenzell<br \/>\nKost\u00fcme aus dem Fundus, diverse Utensilien dito<\/p>\n<p>A4 Abz\u00fcge s|w auf B\u00fctten<\/p>\n<p><img loading=\"lazy\" decoding=\"async\" class=\"aligncenter wp-image-3908\" src=\"https:\/\/www.wunderblock.de\/wunderblock\/alle-guten-geister\/wordpress_agg\/wp-content\/uploads\/2025\/08\/Cocteau-300x300.jpg\" alt=\"\" width=\"455\" height=\"455\" srcset=\"https:\/\/www.wunderblock.de\/wunderblock\/alle-guten-geister\/wordpress_agg\/wp-content\/uploads\/2025\/08\/Cocteau-300x300.jpg 300w, https:\/\/www.wunderblock.de\/wunderblock\/alle-guten-geister\/wordpress_agg\/wp-content\/uploads\/2025\/08\/Cocteau-1024x1024.jpg 1024w, https:\/\/www.wunderblock.de\/wunderblock\/alle-guten-geister\/wordpress_agg\/wp-content\/uploads\/2025\/08\/Cocteau-150x150.jpg 150w, https:\/\/www.wunderblock.de\/wunderblock\/alle-guten-geister\/wordpress_agg\/wp-content\/uploads\/2025\/08\/Cocteau-768x768.jpg 768w, https:\/\/www.wunderblock.de\/wunderblock\/alle-guten-geister\/wordpress_agg\/wp-content\/uploads\/2025\/08\/Cocteau-1536x1536.jpg 1536w, https:\/\/www.wunderblock.de\/wunderblock\/alle-guten-geister\/wordpress_agg\/wp-content\/uploads\/2025\/08\/Cocteau-2048x2048.jpg 2048w, https:\/\/www.wunderblock.de\/wunderblock\/alle-guten-geister\/wordpress_agg\/wp-content\/uploads\/2025\/08\/Cocteau-1200x1200.jpg 1200w\" sizes=\"auto, (max-width: 455px) 85vw, 455px\" \/> <img loading=\"lazy\" decoding=\"async\" class=\"wp-image-3907 aligncenter\" src=\"https:\/\/www.wunderblock.de\/wunderblock\/alle-guten-geister\/wordpress_agg\/wp-content\/uploads\/2025\/08\/DSC4753-200x300.jpg\" alt=\"\" width=\"170\" height=\"255\" srcset=\"https:\/\/www.wunderblock.de\/wunderblock\/alle-guten-geister\/wordpress_agg\/wp-content\/uploads\/2025\/08\/DSC4753-200x300.jpg 200w, https:\/\/www.wunderblock.de\/wunderblock\/alle-guten-geister\/wordpress_agg\/wp-content\/uploads\/2025\/08\/DSC4753-683x1024.jpg 683w, https:\/\/www.wunderblock.de\/wunderblock\/alle-guten-geister\/wordpress_agg\/wp-content\/uploads\/2025\/08\/DSC4753-768x1151.jpg 768w, https:\/\/www.wunderblock.de\/wunderblock\/alle-guten-geister\/wordpress_agg\/wp-content\/uploads\/2025\/08\/DSC4753-1025x1536.jpg 1025w, https:\/\/www.wunderblock.de\/wunderblock\/alle-guten-geister\/wordpress_agg\/wp-content\/uploads\/2025\/08\/DSC4753-1367x2048.jpg 1367w, https:\/\/www.wunderblock.de\/wunderblock\/alle-guten-geister\/wordpress_agg\/wp-content\/uploads\/2025\/08\/DSC4753-1200x1798.jpg 1200w, https:\/\/www.wunderblock.de\/wunderblock\/alle-guten-geister\/wordpress_agg\/wp-content\/uploads\/2025\/08\/DSC4753-scaled.jpg 1709w\" sizes=\"auto, (max-width: 170px) 85vw, 170px\" \/><\/p>\n<p><a href=\"https:\/\/www.wunderblock.de\/wunderblock\/alle-guten-geister\/wordpress_agg\/fundus-lfd-nr-53\/\">fundus<\/a><\/p>\n","protected":false},"excerpt":{"rendered":"<p>Jean Cocteau Alles Gleichzeitig Re:Reenacted [by Kamen et. al.] Digitalfotografie am Set in Wachenzell Kost\u00fcme aus dem Fundus, diverse Utensilien dito A4 Abz\u00fcge s|w auf B\u00fctten fundus<\/p>\n","protected":false},"author":1,"featured_media":0,"parent":0,"menu_order":0,"comment_status":"closed","ping_status":"closed","template":"","meta":{"footnotes":""},"class_list":["post-3905","page","type-page","status-publish","hentry"],"_links":{"self":[{"href":"https:\/\/www.wunderblock.de\/wunderblock\/alle-guten-geister\/wordpress_agg\/wp-json\/wp\/v2\/pages\/3905","targetHints":{"allow":["GET"]}}],"collection":[{"href":"https:\/\/www.wunderblock.de\/wunderblock\/alle-guten-geister\/wordpress_agg\/wp-json\/wp\/v2\/pages"}],"about":[{"href":"https:\/\/www.wunderblock.de\/wunderblock\/alle-guten-geister\/wordpress_agg\/wp-json\/wp\/v2\/types\/page"}],"author":[{"embeddable":true,"href":"https:\/\/www.wunderblock.de\/wunderblock\/alle-guten-geister\/wordpress_agg\/wp-json\/wp\/v2\/users\/1"}],"replies":[{"embeddable":true,"href":"https:\/\/www.wunderblock.de\/wunderblock\/alle-guten-geister\/wordpress_agg\/wp-json\/wp\/v2\/comments?post=3905"}],"version-history":[{"count":2,"href":"https:\/\/www.wunderblock.de\/wunderblock\/alle-guten-geister\/wordpress_agg\/wp-json\/wp\/v2\/pages\/3905\/revisions"}],"predecessor-version":[{"id":3919,"href":"https:\/\/www.wunderblock.de\/wunderblock\/alle-guten-geister\/wordpress_agg\/wp-json\/wp\/v2\/pages\/3905\/revisions\/3919"}],"wp:attachment":[{"href":"https:\/\/www.wunderblock.de\/wunderblock\/alle-guten-geister\/wordpress_agg\/wp-json\/wp\/v2\/media?parent=3905"}],"curies":[{"name":"wp","href":"https:\/\/api.w.org\/{rel}","templated":true}]}}