{"id":38,"date":"2017-10-29T20:37:53","date_gmt":"2017-10-29T19:37:53","guid":{"rendered":"http:\/\/www.wunderblock.de\/wunderblock\/alle-guten-geister\/wordpress_agg\/?page_id=38"},"modified":"2026-02-22T11:32:59","modified_gmt":"2026-02-22T10:32:59","slug":"alle-guten-geister-2","status":"publish","type":"page","link":"https:\/\/www.wunderblock.de\/wunderblock\/alle-guten-geister\/wordpress_agg\/","title":{"rendered":"Alle Guten Geister"},"content":{"rendered":"<figure id=\"attachment_219\" aria-describedby=\"caption-attachment-219\" style=\"width: 784px\" class=\"wp-caption aligncenter\"><img loading=\"lazy\" decoding=\"async\" class=\"wp-image-219\" src=\"https:\/\/www.wunderblock.de\/wunderblock\/alle-guten-geister\/wordpress_agg\/wp-content\/uploads\/2018\/07\/monopterus-1024x816.jpg\" alt=\"\" width=\"784\" height=\"625\" srcset=\"https:\/\/www.wunderblock.de\/wunderblock\/alle-guten-geister\/wordpress_agg\/wp-content\/uploads\/2018\/07\/monopterus-1024x816.jpg 1024w, https:\/\/www.wunderblock.de\/wunderblock\/alle-guten-geister\/wordpress_agg\/wp-content\/uploads\/2018\/07\/monopterus-300x239.jpg 300w, https:\/\/www.wunderblock.de\/wunderblock\/alle-guten-geister\/wordpress_agg\/wp-content\/uploads\/2018\/07\/monopterus-768x612.jpg 768w, https:\/\/www.wunderblock.de\/wunderblock\/alle-guten-geister\/wordpress_agg\/wp-content\/uploads\/2018\/07\/monopterus-1200x956.jpg 1200w, https:\/\/www.wunderblock.de\/wunderblock\/alle-guten-geister\/wordpress_agg\/wp-content\/uploads\/2018\/07\/monopterus.jpg 1772w\" sizes=\"auto, (max-width: 784px) 85vw, 784px\" \/><figcaption id=\"caption-attachment-219\" class=\"wp-caption-text\">&#8230; virtuell und doch allgegenw\u00e4rtig &#8230; unsterbliche, gigantische Personen &#8230; nicht echt, aber umso wahrer &#8230;<\/figcaption><\/figure>\n<p style=\"text-align: center;\"><a href=\"https:\/\/www.wunderblock.de\/wunderblock\/alle-guten-geister\/wordpress_agg\/alle-guten-geister\/\" target=\"_blank\" rel=\"noopener\">alle arbeiten<\/a><\/p>\n<p><img loading=\"lazy\" decoding=\"async\" class=\"aligncenter wp-image-1989\" src=\"https:\/\/www.wunderblock.de\/wunderblock\/alle-guten-geister\/wordpress_agg\/wp-content\/uploads\/2020\/08\/Zwei-vom-Fotov4-220x300.jpg\" alt=\"\" width=\"458\" height=\"625\" srcset=\"https:\/\/www.wunderblock.de\/wunderblock\/alle-guten-geister\/wordpress_agg\/wp-content\/uploads\/2020\/08\/Zwei-vom-Fotov4-220x300.jpg 220w, https:\/\/www.wunderblock.de\/wunderblock\/alle-guten-geister\/wordpress_agg\/wp-content\/uploads\/2020\/08\/Zwei-vom-Fotov4.jpg 721w\" sizes=\"auto, (max-width: 458px) 85vw, 458px\" \/><\/p>\n<p>&nbsp;<\/p>\n<p>\u201eDie &#8230; angstfreie Offenheit f\u00fcr die Realit\u00e4t wird im Buddhismus \u201aoffene Weite\u2019 genannt. Die mittelalterlichen christlichen Mystikern nannten sie Leerheit. In dieser Tradition m\u00f6chte ich Offenheit beschreiben als: Aufbrechen der in unserer Gesellschaft anerkannten Modelle, und Hinaustreten in eine modellfreie und spielende Begegnung mit der Realit\u00e4t. Das eigentliche Gegenteil von Offenheit ist insofern nicht Geschlossenheit, sondern T\u00e4uschung. Offenheit und T\u00e4uschung sind kein Entweder-Oder, sondern immer gleichzeitig gegenw\u00e4rtig.<\/p>\n<p>Das Playing Arts Projekt von <strong>M\u00fcller | Schreiner <\/strong>\u201aAlle guten Geister\u2019 f\u00fchrt uns dies spielerisch vor Augen: K\u00fcnstler schaffen Bilder von Realit\u00e4t, die in den Medien ver\u00f6ffentlicht werden und an sich schon einen Bruch unserer Wirklichkeitswahrnehmung darstellen. Gleichzeitig erlangen sie eine eigene Wirklichkeit in der Welt unserer Medien.<\/p>\n<p><strong>M\u00fcller | Schreiner <\/strong>spielen nun mit dieser Medienrealit\u00e4t und stellen sie f\u00fcr sich selbst in der Realit\u00e4t nach, machen davon Photos und stellen damit eine neuerliche Medienwirklichkeit \u00fcber die Medienwirklichkeit her.\u201c<\/p>\n<p>Dr. Rainer Buland _ Leitung Archiv Spielforschung + Playing Arts _ Universit\u00e4t Mozarteum Salzburg<\/p>\n<p>&nbsp;<\/p>\n<p style=\"text-align: left;\"><span style=\"color: #000000;\"><span style=\"font-family: DIN Alternate;\"><span style=\"font-size: medium;\"><b>Nur wenn genug Menschen den Mut haben, sich entschlossen f\u00fcr das Gemeinwohl einzusetzen, kann verhindert werden, dass die Zivilisation gegen die Wand f\u00e4hrt. Dies erfordert jedoch eine Zivilcourage, die nur aus einem erhabenen Menschenbild kommen kann. Es ist sch\u00f6n und ermutigend, dass es diese Menschen gibt, die f\u00fcr eine bessere, gerechtere und ges\u00fcndere Welt bereit sind, auch Unannehmlichkeiten und Widerst\u00e4nde in Kauf zu nehmen.\u00a0 Danke all den guten Geistern. <\/b><\/span><\/span><\/span><span style=\"color: #6c6b89;\"><span style=\"font-family: DIN Alternate;\"><span style=\"font-size: small;\"><b>Friedrich Schiller<\/b><\/span><\/span><\/span><\/p>\n<p style=\"text-align: right;\">\n<p><img loading=\"lazy\" decoding=\"async\" class=\"wp-image-3289 aligncenter\" src=\"https:\/\/www.wunderblock.de\/wunderblock\/alle-guten-geister\/wordpress_agg\/wp-content\/uploads\/2024\/01\/bunt-300x300.png\" alt=\"\" width=\"175\" height=\"175\" srcset=\"https:\/\/www.wunderblock.de\/wunderblock\/alle-guten-geister\/wordpress_agg\/wp-content\/uploads\/2024\/01\/bunt-300x300.png 300w, https:\/\/www.wunderblock.de\/wunderblock\/alle-guten-geister\/wordpress_agg\/wp-content\/uploads\/2024\/01\/bunt-1024x1024.png 1024w, https:\/\/www.wunderblock.de\/wunderblock\/alle-guten-geister\/wordpress_agg\/wp-content\/uploads\/2024\/01\/bunt-150x150.png 150w, https:\/\/www.wunderblock.de\/wunderblock\/alle-guten-geister\/wordpress_agg\/wp-content\/uploads\/2024\/01\/bunt-768x768.png 768w, https:\/\/www.wunderblock.de\/wunderblock\/alle-guten-geister\/wordpress_agg\/wp-content\/uploads\/2024\/01\/bunt.png 1063w\" sizes=\"auto, (max-width: 175px) 85vw, 175px\" \/><\/p>\n<p style=\"text-align: center;\">aus immerw\u00e4hrend gegebenem Anlass: * La Rivoluzione Siamo Noi! *<\/p>\n<p style=\"text-align: center;\"><span class=\"HwtZe\" lang=\"eo\" style=\"color: #ff0000;\"><span class=\"jCAhz ChMk0b\"><span class=\"ryNqvb\">\u0109io estas en ordo kun \u0109iuj bonaj spiritoj &#8211; <span class=\"HwtZe\" lang=\"eo\">la batalo kaj la ludo da\u016dras<\/span><br \/>\n<\/span><\/span><\/span><\/p>\n","protected":false},"excerpt":{"rendered":"<p>alle arbeiten &nbsp; \u201eDie &#8230; angstfreie Offenheit f\u00fcr die Realit\u00e4t wird im Buddhismus \u201aoffene Weite\u2019 genannt. Die mittelalterlichen christlichen Mystikern nannten sie Leerheit. In dieser Tradition m\u00f6chte ich Offenheit beschreiben als: Aufbrechen der in unserer Gesellschaft anerkannten Modelle, und Hinaustreten in eine modellfreie und spielende Begegnung mit der Realit\u00e4t. Das eigentliche Gegenteil von Offenheit ist &hellip; <a href=\"https:\/\/www.wunderblock.de\/wunderblock\/alle-guten-geister\/wordpress_agg\/\" class=\"more-link\"><span class=\"screen-reader-text\">\u201eAlle Guten Geister\u201c <\/span>weiterlesen<\/a><\/p>\n","protected":false},"author":1,"featured_media":0,"parent":0,"menu_order":1,"comment_status":"closed","ping_status":"closed","template":"","meta":{"footnotes":""},"class_list":["post-38","page","type-page","status-publish","hentry"],"_links":{"self":[{"href":"https:\/\/www.wunderblock.de\/wunderblock\/alle-guten-geister\/wordpress_agg\/wp-json\/wp\/v2\/pages\/38","targetHints":{"allow":["GET"]}}],"collection":[{"href":"https:\/\/www.wunderblock.de\/wunderblock\/alle-guten-geister\/wordpress_agg\/wp-json\/wp\/v2\/pages"}],"about":[{"href":"https:\/\/www.wunderblock.de\/wunderblock\/alle-guten-geister\/wordpress_agg\/wp-json\/wp\/v2\/types\/page"}],"author":[{"embeddable":true,"href":"https:\/\/www.wunderblock.de\/wunderblock\/alle-guten-geister\/wordpress_agg\/wp-json\/wp\/v2\/users\/1"}],"replies":[{"embeddable":true,"href":"https:\/\/www.wunderblock.de\/wunderblock\/alle-guten-geister\/wordpress_agg\/wp-json\/wp\/v2\/comments?post=38"}],"version-history":[{"count":177,"href":"https:\/\/www.wunderblock.de\/wunderblock\/alle-guten-geister\/wordpress_agg\/wp-json\/wp\/v2\/pages\/38\/revisions"}],"predecessor-version":[{"id":4097,"href":"https:\/\/www.wunderblock.de\/wunderblock\/alle-guten-geister\/wordpress_agg\/wp-json\/wp\/v2\/pages\/38\/revisions\/4097"}],"wp:attachment":[{"href":"https:\/\/www.wunderblock.de\/wunderblock\/alle-guten-geister\/wordpress_agg\/wp-json\/wp\/v2\/media?parent=38"}],"curies":[{"name":"wp","href":"https:\/\/api.w.org\/{rel}","templated":true}]}}