{"id":3136,"date":"2023-10-30T11:09:37","date_gmt":"2023-10-30T10:09:37","guid":{"rendered":"https:\/\/www.wunderblock.de\/wunderblock\/alle-guten-geister\/wordpress_agg\/?page_id=3136"},"modified":"2025-08-18T16:03:06","modified_gmt":"2025-08-18T14:03:06","slug":"lfd-nr-45","status":"publish","type":"page","link":"https:\/\/www.wunderblock.de\/wunderblock\/alle-guten-geister\/wordpress_agg\/serie-2\/lfd-nr-45\/","title":{"rendered":"lfd. nr. 45"},"content":{"rendered":"<p><strong>brandt | breschniew _ sz-artikel 2023<\/strong><\/p>\n<p>aus ggb. anlass \u00b0 24.06.2023<\/p>\n<p><strong>&#8218;als wir anno 1971 beinahe die welt retteten&#8216;<\/strong><\/p>\n<p>&nbsp;<\/p>\n<p>digitalfotografie am set am jurameer<\/p>\n<p>schreibtischstuhl vintage, kost\u00fcme und accessoirces aus dem unersch\u00f6pflichen fundus dahoam<\/p>\n<p>abzug auf dibond, signiert und nummeriert<\/p>\n<p>&nbsp;<\/p>\n<div class=\"rl-gallery-container rl-loading\" id=\"rl-gallery-container-1\" data-gallery_id=\"3150\"> <div class=\"rl-gallery rl-basicgrid-gallery \" id=\"rl-gallery-1\" data-gallery_no=\"1\"> <div class=\"rl-gallery-item\"><a href=\"https:\/\/www.wunderblock.de\/wunderblock\/alle-guten-geister\/wordpress_agg\/wp-content\/uploads\/2023\/10\/brandt1578-2.jpg\" title=\"\" data-rl_title=\"\" class=\"rl-gallery-link\" data-rl_caption=\"\" data-rel=\"lightbox-gallery-1\"><img loading=\"lazy\" decoding=\"async\" src=\"https:\/\/www.wunderblock.de\/wunderblock\/alle-guten-geister\/wordpress_agg\/wp-content\/uploads\/2023\/10\/brandt1578-2-300x300.jpg\" width=\"300\" height=\"300\" alt=\"\" \/><\/a><\/div><div class=\"rl-gallery-item\"><a href=\"https:\/\/www.wunderblock.de\/wunderblock\/alle-guten-geister\/wordpress_agg\/wp-content\/uploads\/2023\/10\/brandt1605.jpg\" title=\"\" data-rl_title=\"\" class=\"rl-gallery-link\" data-rl_caption=\"\" data-rel=\"lightbox-gallery-1\"><img loading=\"lazy\" decoding=\"async\" src=\"https:\/\/www.wunderblock.de\/wunderblock\/alle-guten-geister\/wordpress_agg\/wp-content\/uploads\/2023\/10\/brandt1605-300x200.jpg\" width=\"300\" height=\"200\" alt=\"\" \/><\/a><\/div><div class=\"rl-gallery-item\"><a href=\"https:\/\/www.wunderblock.de\/wunderblock\/alle-guten-geister\/wordpress_agg\/wp-content\/uploads\/2023\/10\/brandt1574.jpg\" title=\"\" data-rl_title=\"\" class=\"rl-gallery-link\" data-rl_caption=\"\" data-rel=\"lightbox-gallery-1\"><img loading=\"lazy\" decoding=\"async\" src=\"https:\/\/www.wunderblock.de\/wunderblock\/alle-guten-geister\/wordpress_agg\/wp-content\/uploads\/2023\/10\/brandt1574-300x169.jpg\" width=\"300\" height=\"169\" alt=\"\" \/><\/a><\/div> <\/div> <\/div>\n<p>&nbsp;<\/p>\n<p><a href=\"https:\/\/www.wunderblock.de\/wunderblock\/alle-guten-geister\/wordpress_agg\/fundus-lfd-nr-45\/\"><span style=\"color: #808080;\">fundus<\/span><\/a><\/p>\n<p><img loading=\"lazy\" decoding=\"async\" class=\"wp-image-3243 size-medium alignright\" src=\"https:\/\/www.wunderblock.de\/wunderblock\/alle-guten-geister\/wordpress_agg\/wp-content\/uploads\/2023\/11\/willyandy-295x300.jpg\" alt=\"\" width=\"295\" height=\"300\" srcset=\"https:\/\/www.wunderblock.de\/wunderblock\/alle-guten-geister\/wordpress_agg\/wp-content\/uploads\/2023\/11\/willyandy-295x300.jpg 295w, https:\/\/www.wunderblock.de\/wunderblock\/alle-guten-geister\/wordpress_agg\/wp-content\/uploads\/2023\/11\/willyandy-1008x1024.jpg 1008w, https:\/\/www.wunderblock.de\/wunderblock\/alle-guten-geister\/wordpress_agg\/wp-content\/uploads\/2023\/11\/willyandy-768x781.jpg 768w, https:\/\/www.wunderblock.de\/wunderblock\/alle-guten-geister\/wordpress_agg\/wp-content\/uploads\/2023\/11\/willyandy-1511x1536.jpg 1511w, https:\/\/www.wunderblock.de\/wunderblock\/alle-guten-geister\/wordpress_agg\/wp-content\/uploads\/2023\/11\/willyandy-2015x2048.jpg 2015w, https:\/\/www.wunderblock.de\/wunderblock\/alle-guten-geister\/wordpress_agg\/wp-content\/uploads\/2023\/11\/willyandy-1200x1220.jpg 1200w\" sizes=\"auto, (max-width: 295px) 85vw, 295px\" \/><\/p>\n<p>&nbsp;<\/p>\n<p>&nbsp;<\/p>\n<p>ohne worte<\/p>\n<p>[fundst\u00fcck bei galerie ropac | jubil\u00e4umsausstellung 40\u00b0]<\/p>\n","protected":false},"excerpt":{"rendered":"<p>brandt | breschniew _ sz-artikel 2023 aus ggb. anlass \u00b0 24.06.2023 &#8218;als wir anno 1971 beinahe die welt retteten&#8216; &nbsp; digitalfotografie am set am jurameer schreibtischstuhl vintage, kost\u00fcme und accessoirces aus dem unersch\u00f6pflichen fundus dahoam abzug auf dibond, signiert und nummeriert &nbsp; &nbsp; fundus &nbsp; &nbsp; ohne worte [fundst\u00fcck bei galerie ropac | jubil\u00e4umsausstellung 40\u00b0]<\/p>\n","protected":false},"author":1,"featured_media":0,"parent":28,"menu_order":0,"comment_status":"closed","ping_status":"closed","template":"","meta":{"footnotes":""},"class_list":["post-3136","page","type-page","status-publish","hentry"],"_links":{"self":[{"href":"https:\/\/www.wunderblock.de\/wunderblock\/alle-guten-geister\/wordpress_agg\/wp-json\/wp\/v2\/pages\/3136","targetHints":{"allow":["GET"]}}],"collection":[{"href":"https:\/\/www.wunderblock.de\/wunderblock\/alle-guten-geister\/wordpress_agg\/wp-json\/wp\/v2\/pages"}],"about":[{"href":"https:\/\/www.wunderblock.de\/wunderblock\/alle-guten-geister\/wordpress_agg\/wp-json\/wp\/v2\/types\/page"}],"author":[{"embeddable":true,"href":"https:\/\/www.wunderblock.de\/wunderblock\/alle-guten-geister\/wordpress_agg\/wp-json\/wp\/v2\/users\/1"}],"replies":[{"embeddable":true,"href":"https:\/\/www.wunderblock.de\/wunderblock\/alle-guten-geister\/wordpress_agg\/wp-json\/wp\/v2\/comments?post=3136"}],"version-history":[{"count":11,"href":"https:\/\/www.wunderblock.de\/wunderblock\/alle-guten-geister\/wordpress_agg\/wp-json\/wp\/v2\/pages\/3136\/revisions"}],"predecessor-version":[{"id":3615,"href":"https:\/\/www.wunderblock.de\/wunderblock\/alle-guten-geister\/wordpress_agg\/wp-json\/wp\/v2\/pages\/3136\/revisions\/3615"}],"up":[{"embeddable":true,"href":"https:\/\/www.wunderblock.de\/wunderblock\/alle-guten-geister\/wordpress_agg\/wp-json\/wp\/v2\/pages\/28"}],"wp:attachment":[{"href":"https:\/\/www.wunderblock.de\/wunderblock\/alle-guten-geister\/wordpress_agg\/wp-json\/wp\/v2\/media?parent=3136"}],"curies":[{"name":"wp","href":"https:\/\/api.w.org\/{rel}","templated":true}]}}