{"id":95,"date":"2018-07-31T16:06:27","date_gmt":"2018-07-31T14:06:27","guid":{"rendered":"http:\/\/www.wunderblock.de\/wunderblog\/?page_id=95"},"modified":"2018-08-18T13:16:52","modified_gmt":"2018-08-18T11:16:52","slug":"dsgv","status":"publish","type":"page","link":"https:\/\/www.wunderblock.de\/?page_id=95","title":{"rendered":"DSGVO"},"content":{"rendered":"<div class=\"shariff shariff-align-center shariff-widget-align-center\" style=\"display:none\" data-services=\"pinterest%7Cfacebook\" data-url=\"https%3A%2F%2Fwww.wunderblock.de%2F%3Fpage_id%3D95\" data-timestamp=\"1534598212\" data-backendurl=\"?rest_route=\/shariff\/v1\/share_counts&\"><ul class=\"shariff-buttons theme-round orientation-horizontal buttonsize-medium\"><li class=\"shariff-button pinterest shariff-nocustomcolor\" style=\"background-color:#e70f18\"><a href=\"https:\/\/www.pinterest.com\/pin\/create\/link\/?url=https%3A%2F%2Fwww.wunderblock.de%2F%3Fpage_id%3D95&media=https%3A%2F%2Fwww.wunderblock.de%2Fwp-content%2Fplugins%2Fshariff%2Fimages%2FdefaultHint.png&description=DSGVO\" title=\"Bei Pinterest pinnen\" aria-label=\"Bei Pinterest pinnen\" role=\"button\" rel=\"noopener nofollow\" class=\"shariff-link\" style=\"; background-color:#cb2027; color:#fff\" target=\"_blank\"><span class=\"shariff-icon\" style=\"\"><svg width=\"32px\" height=\"20px\" xmlns=\"http:\/\/www.w3.org\/2000\/svg\" viewBox=\"0 0 27 32\"><path fill=\"#cb2027\" d=\"M27.4 16q0 3.7-1.8 6.9t-5 5-6.9 1.9q-2 0-3.9-0.6 1.1-1.7 1.4-2.9 0.2-0.6 1-3.8 0.4 0.7 1.3 1.2t2 0.5q2.1 0 3.8-1.2t2.7-3.4 0.9-4.8q0-2-1.1-3.8t-3.1-2.9-4.5-1.2q-1.9 0-3.5 0.5t-2.8 1.4-2 2-1.2 2.3-0.4 2.4q0 1.9 0.7 3.3t2.1 2q0.5 0.2 0.7-0.4 0-0.1 0.1-0.5t0.2-0.5q0.1-0.4-0.2-0.8-0.9-1.1-0.9-2.7 0-2.7 1.9-4.6t4.9-2q2.7 0 4.2 1.5t1.5 3.8q0 3-1.2 5.2t-3.1 2.1q-1.1 0-1.7-0.8t-0.4-1.9q0.1-0.6 0.5-1.7t0.5-1.8 0.2-1.4q0-0.9-0.5-1.5t-1.4-0.6q-1.1 0-1.9 1t-0.8 2.6q0 1.3 0.4 2.2l-1.8 7.5q-0.3 1.2-0.2 3.2-3.7-1.6-6-5t-2.3-7.6q0-3.7 1.9-6.9t5-5 6.9-1.9 6.9 1.9 5 5 1.8 6.9z\"\/><\/svg><\/span><\/a><\/li><li class=\"shariff-button facebook shariff-nocustomcolor\" style=\"background-color:#4273c8\"><a href=\"https:\/\/www.facebook.com\/sharer\/sharer.php?u=https%3A%2F%2Fwww.wunderblock.de%2F%3Fpage_id%3D95\" title=\"Bei Facebook teilen\" aria-label=\"Bei Facebook teilen\" role=\"button\" rel=\"nofollow\" class=\"shariff-link\" style=\"; background-color:#3b5998; color:#fff\" target=\"_blank\"><span class=\"shariff-icon\" style=\"\"><svg width=\"32px\" height=\"20px\" xmlns=\"http:\/\/www.w3.org\/2000\/svg\" viewBox=\"0 0 18 32\"><path fill=\"#3b5998\" d=\"M17.1 0.2v4.7h-2.8q-1.5 0-2.1 0.6t-0.5 1.9v3.4h5.2l-0.7 5.3h-4.5v13.6h-5.5v-13.6h-4.5v-5.3h4.5v-3.9q0-3.3 1.9-5.2t5-1.8q2.6 0 4.1 0.2z\"\/><\/svg><\/span><\/a><\/li><li class=\"shariff-button twitter shariff-nocustomcolor\" style=\"background-color:#595959\"><a href=\"https:\/\/twitter.com\/share?url=https%3A%2F%2Fwww.wunderblock.de%2F%3Fpage_id%3D95&text=DSGVO\" title=\"Bei X teilen\" aria-label=\"Bei X teilen\" role=\"button\" rel=\"noopener nofollow\" class=\"shariff-link\" style=\"; background-color:#000; color:#fff\" target=\"_blank\"><span class=\"shariff-icon\" style=\"\"><svg width=\"32px\" height=\"20px\" xmlns=\"http:\/\/www.w3.org\/2000\/svg\" viewBox=\"0 0 24 24\"><path fill=\"#000\" d=\"M14.258 10.152L23.176 0h-2.113l-7.747 8.813L7.133 0H0l9.352 13.328L0 23.973h2.113l8.176-9.309 6.531 9.309h7.133zm-2.895 3.293l-.949-1.328L2.875 1.56h3.246l6.086 8.523.945 1.328 7.91 11.078h-3.246zm0 0\"\/><\/svg><\/span><\/a><\/li><\/ul><\/div><p><span style=\"color: #e64b2b;\">Wir nehmen den Schutz Ihrer pers\u00f6nlichen Daten sehr ernst. Wir behandeln Ihre personenbezogenen Daten vertraulich und entsprechend der gesetzlichen Datenschutzvorschriften sowie dieser Datenschutzerkl\u00e4rung. <\/span><span style=\"color: #e64b2b;\">Wir m\u00f6chten Sie hiermit \u00fcber die Verarbeitung von personenbezogenen Daten auf dieser Website informieren. <\/span><span style=\"color: #e64b2b;\">Wir verarbeiten Ihre pers\u00f6nlichen Daten nur, wenn Sie hierin eingewilligt haben oder hier eine gesetzliche Grundlage besteht. <\/span><span style=\"color: #e64b2b;\">Verantwortlich f\u00fcr die Verarbeitung der personenbezogenen Daten ist<\/span><\/p>\n<p><span style=\"color: #e64b2b;\">Herr Klemens Schreiner, Jurastr. 22, 85131 Wachenzell, klemens.schreiner@gmx.de, Tel.: 08423\/987165<\/span><\/p>\n\n<p><span style=\"color: #e64b2b;\">Unsere Website dient der Bereitstellung von Informationen \u00fcber unsere k\u00fcnstlerische Arbeit. Personenbezogenen Daten (Z.B. Vor-, Nachname, E-Mail-Adresse, Telefonnummer etc.) werden auf unserer Website nicht erhoben. <\/span><span style=\"color: #e64b2b;\">Beim Besuch unserer Website werden durch den auf Ihrem Endger\u00e4t zum Einsatz kommenden Browser Informationen an den Server unserer Website gesendet. Diese Informationen werden tempor\u00e4r in den Logfiles des Servers gespeichert. Folgende Informationen werden dabei erhoben:<\/span><\/p>\n<ul>\n<li><span style=\"color: #e64b2b;\">IP-Adresse des anfragenden Rechners,<\/span><\/li>\n<li><span style=\"color: #e64b2b;\">Datum und Uhrzeit des Zugriffs,<\/span><\/li>\n<li><span style=\"color: #e64b2b;\">Name und URL der abgerufenen Datei,<\/span><\/li>\n<li><span style=\"color: #e64b2b;\">zuvor besuchte Webseite (Referrer-URL),<\/span><\/li>\n<li><span style=\"color: #e64b2b;\">verwendeter Browser und ggf. das Betriebssystem Ihres Rechners sowie der Name Ihres Access-Providers.<\/span><\/li>\n<\/ul>\n<p><span style=\"color: #e64b2b;\">Die genannten Daten werden erhoben und verarbeitet, damit ein reibungsloser Verbindungsaufbau der Website sichergestellt wird und die Inhalte korrekt dargestellt werden. Die Daten werden gel\u00f6scht, wenn sie nicht mehr erforderlich sind. <\/span><span style=\"color: #e64b2b;\">Die Rechtsgrundlage f\u00fcr die Datenverarbeitung ist Artikel 6 Absatz 1 Satz 1 lit. f DSGVO. Unser berechtigtes Interesse folgt aus oben aufgelisteten Zwecken zur Datenerhebung. In keinem Fall verwenden wir die erhobenen Daten zu dem Zweck, R\u00fcckschl\u00fcsse auf Ihre Person zu ziehen.<\/span><\/p>\n<p><span style=\"color: #e64b2b;\">Nutzung des Kontaktformulars\/Kontaktaufnahme per E-Mail: <\/span><span style=\"color: #e64b2b;\">Wir weisen darauf hin, dass die Daten\u00fcbertragung im Internet Sicherheitsl\u00fccken aufweisen kann. Ein l\u00fcckenloser Schutz der Daten vor dem Zugriff durch Dritte ist nicht m\u00f6glich. <\/span><span style=\"color: #e64b2b;\">Sollten Sie unser Kontaktformular verwenden oder \u00fcber E-Mail-Kontakt mit uns aufnehmen, erfolgt die Verarbeitung Ihrer Daten aufgrund Ihrer freiwillig erteilten Einwilligung gem\u00e4\u00df Artikel 6 Absatz 1 Satz 1 lit. a DSGVO.<\/span><\/p>\n<p><span style=\"color: #e64b2b;\">Die Angabe Ihrer g\u00fcltigen E-Mail-Adresse ist erforderlich, um Ihre Anfragen beantworten zu k\u00f6nnen. Diese Daten und Ihre Nachricht werden nur zur Bearbeitung und Beantwortung Ihrer Anfrage gespeichert. Die Daten werden gel\u00f6scht, sobald sie nicht mehr erforderlich sind und keine gesetzliche Aufbewahrungspflicht besteht. Eine Weitergabe Ihrer Daten an Dritte erfolgt nicht. <\/span><span style=\"color: #e64b2b;\">Ihre Einwilligung k\u00f6nnen Sie jederzeit widerrufen. Durch den Widerruf wird die Rechtm\u00e4\u00dfigkeit, der aufgrund der Einwilligung bis zum Widerruf erfolgten Verarbeitung der Daten nicht ber\u00fchrt. Den Widerruf k\u00f6nnen Sie schriftlich oder per E-Mail-richten an: Klemens Schreiner, Jurastr. 22, 85131 Wachenzell, klemens.schreiner@gmx.de. <\/span><span style=\"color: #e64b2b;\">Zum Schutz der \u00dcbertragung vertraulicher Inhalte wird bei der Verwendung des Kontaktformulars eine SSL-Verschl\u00fcsselung (Secure Socket Layer) in Verbindung mit der jeweils h\u00f6chsten Verschl\u00fcsselungsstufe verwendet. Eine verschl\u00fcsselte Seite erkennen Sie an der Adresszeile des Browsers, der von \u201e<u>http:\/\/<\/u>\u201c auf \u201e<u>https:\/\/<\/u>\u201c wechselt, oder am Schlosssymbol in der Browserzeile. <\/span><span style=\"color: #e64b2b;\">Bitte schreiben Sie keine vertraulichen Informationen, insbesondere Gesundheitsdaten in das Kontaktformular oder in eine unverschl\u00fcsselte E-Mail, sondern nutzen Sie es nur zu einer ersten Kontaktaufnahme.<\/span><\/p>\n\n","protected":false},"excerpt":{"rendered":"<p>Wir nehmen den Schutz Ihrer pers\u00f6nlichen Daten sehr ernst. Wir behandeln Ihre personenbezogenen Daten vertraulich und entsprechend der gesetzlichen Datenschutzvorschriften sowie dieser Datenschutzerkl\u00e4rung. Wir m\u00f6chten Sie hiermit \u00fcber die Verarbeitung von personenbezogenen Daten auf dieser Website informieren. Wir verarbeiten Ihre pers\u00f6nlichen Daten nur, wenn Sie hierin eingewilligt haben oder hier eine gesetzliche Grundlage besteht. Verantwortlich [&hellip;]<\/p>\n","protected":false},"author":1,"featured_media":0,"parent":0,"menu_order":60,"comment_status":"closed","ping_status":"closed","template":"","meta":{"footnotes":""},"class_list":["post-95","page","type-page","status-publish","hentry","missing-thumbnail"],"_links":{"self":[{"href":"https:\/\/www.wunderblock.de\/index.php?rest_route=\/wp\/v2\/pages\/95","targetHints":{"allow":["GET"]}}],"collection":[{"href":"https:\/\/www.wunderblock.de\/index.php?rest_route=\/wp\/v2\/pages"}],"about":[{"href":"https:\/\/www.wunderblock.de\/index.php?rest_route=\/wp\/v2\/types\/page"}],"author":[{"embeddable":true,"href":"https:\/\/www.wunderblock.de\/index.php?rest_route=\/wp\/v2\/users\/1"}],"replies":[{"embeddable":true,"href":"https:\/\/www.wunderblock.de\/index.php?rest_route=%2Fwp%2Fv2%2Fcomments&post=95"}],"version-history":[{"count":6,"href":"https:\/\/www.wunderblock.de\/index.php?rest_route=\/wp\/v2\/pages\/95\/revisions"}],"predecessor-version":[{"id":269,"href":"https:\/\/www.wunderblock.de\/index.php?rest_route=\/wp\/v2\/pages\/95\/revisions\/269"}],"wp:attachment":[{"href":"https:\/\/www.wunderblock.de\/index.php?rest_route=%2Fwp%2Fv2%2Fmedia&parent=95"}],"curies":[{"name":"wp","href":"https:\/\/api.w.org\/{rel}","templated":true}]}}