{"id":93,"date":"2018-07-31T16:06:15","date_gmt":"2018-07-31T14:06:15","guid":{"rendered":"http:\/\/www.wunderblock.de\/wunderblog\/?page_id=93"},"modified":"2021-03-10T21:13:40","modified_gmt":"2021-03-10T19:13:40","slug":"impressum","status":"publish","type":"page","link":"https:\/\/www.wunderblock.de\/?page_id=93","title":{"rendered":"Impressum"},"content":{"rendered":"<div class=\"shariff shariff-align-center shariff-widget-align-center\" style=\"display:none\" data-services=\"pinterest%7Cfacebook\" data-url=\"https%3A%2F%2Fwww.wunderblock.de%2F%3Fpage_id%3D93\" data-timestamp=\"1615410820\" data-backendurl=\"?rest_route=\/shariff\/v1\/share_counts&\"><ul class=\"shariff-buttons theme-round orientation-horizontal buttonsize-medium\"><li class=\"shariff-button pinterest shariff-nocustomcolor\" style=\"background-color:#e70f18\"><a href=\"https:\/\/www.pinterest.com\/pin\/create\/link\/?url=https%3A%2F%2Fwww.wunderblock.de%2F%3Fpage_id%3D93&media=https%3A%2F%2Fwww.wunderblock.de%2Fwp-content%2Fplugins%2Fshariff%2Fimages%2FdefaultHint.png&description=Impressum\" title=\"Bei Pinterest pinnen\" aria-label=\"Bei Pinterest pinnen\" role=\"button\" rel=\"noopener nofollow\" class=\"shariff-link\" style=\"; background-color:#cb2027; color:#fff\" target=\"_blank\"><span class=\"shariff-icon\" style=\"\"><svg width=\"32px\" height=\"20px\" xmlns=\"http:\/\/www.w3.org\/2000\/svg\" viewBox=\"0 0 27 32\"><path fill=\"#cb2027\" d=\"M27.4 16q0 3.7-1.8 6.9t-5 5-6.9 1.9q-2 0-3.9-0.6 1.1-1.7 1.4-2.9 0.2-0.6 1-3.8 0.4 0.7 1.3 1.2t2 0.5q2.1 0 3.8-1.2t2.7-3.4 0.9-4.8q0-2-1.1-3.8t-3.1-2.9-4.5-1.2q-1.9 0-3.5 0.5t-2.8 1.4-2 2-1.2 2.3-0.4 2.4q0 1.9 0.7 3.3t2.1 2q0.5 0.2 0.7-0.4 0-0.1 0.1-0.5t0.2-0.5q0.1-0.4-0.2-0.8-0.9-1.1-0.9-2.7 0-2.7 1.9-4.6t4.9-2q2.7 0 4.2 1.5t1.5 3.8q0 3-1.2 5.2t-3.1 2.1q-1.1 0-1.7-0.8t-0.4-1.9q0.1-0.6 0.5-1.7t0.5-1.8 0.2-1.4q0-0.9-0.5-1.5t-1.4-0.6q-1.1 0-1.9 1t-0.8 2.6q0 1.3 0.4 2.2l-1.8 7.5q-0.3 1.2-0.2 3.2-3.7-1.6-6-5t-2.3-7.6q0-3.7 1.9-6.9t5-5 6.9-1.9 6.9 1.9 5 5 1.8 6.9z\"\/><\/svg><\/span><\/a><\/li><li class=\"shariff-button facebook shariff-nocustomcolor\" style=\"background-color:#4273c8\"><a href=\"https:\/\/www.facebook.com\/sharer\/sharer.php?u=https%3A%2F%2Fwww.wunderblock.de%2F%3Fpage_id%3D93\" title=\"Bei Facebook teilen\" aria-label=\"Bei Facebook teilen\" role=\"button\" rel=\"nofollow\" class=\"shariff-link\" style=\"; background-color:#3b5998; color:#fff\" target=\"_blank\"><span class=\"shariff-icon\" style=\"\"><svg width=\"32px\" height=\"20px\" xmlns=\"http:\/\/www.w3.org\/2000\/svg\" viewBox=\"0 0 18 32\"><path fill=\"#3b5998\" d=\"M17.1 0.2v4.7h-2.8q-1.5 0-2.1 0.6t-0.5 1.9v3.4h5.2l-0.7 5.3h-4.5v13.6h-5.5v-13.6h-4.5v-5.3h4.5v-3.9q0-3.3 1.9-5.2t5-1.8q2.6 0 4.1 0.2z\"\/><\/svg><\/span><\/a><\/li><li class=\"shariff-button twitter shariff-nocustomcolor\" style=\"background-color:#595959\"><a href=\"https:\/\/twitter.com\/share?url=https%3A%2F%2Fwww.wunderblock.de%2F%3Fpage_id%3D93&text=Impressum\" title=\"Bei X teilen\" aria-label=\"Bei X teilen\" role=\"button\" rel=\"noopener nofollow\" class=\"shariff-link\" style=\"; background-color:#000; color:#fff\" target=\"_blank\"><span class=\"shariff-icon\" style=\"\"><svg width=\"32px\" height=\"20px\" xmlns=\"http:\/\/www.w3.org\/2000\/svg\" viewBox=\"0 0 24 24\"><path fill=\"#000\" d=\"M14.258 10.152L23.176 0h-2.113l-7.747 8.813L7.133 0H0l9.352 13.328L0 23.973h2.113l8.176-9.309 6.531 9.309h7.133zm-2.895 3.293l-.949-1.328L2.875 1.56h3.246l6.086 8.523.945 1.328 7.91 11.078h-3.246zm0 0\"\/><\/svg><\/span><\/a><\/li><\/ul><\/div><h4 style=\"text-align: left;\" align=\"center\"><span style=\"font-family: Arial; color: #e64b2b; font-size: 18pt;\"><span lang=\"de\">Klemens Schreiner<br \/>\nJurastr. 22<br \/>\n85131 Wachenzell<\/span><\/span><\/h4>\n<h4 style=\"text-align: left;\" align=\"center\"><span style=\"font-family: Arial; color: #e64b2b; font-size: 18pt;\"><span lang=\"de\"> <a style=\"color: #e64b2b;\" href=\"mailto:Klemens.Schreiner@gmx.de\">Klemens.Schreiner@gmx.de<\/a><\/span><\/span><\/h4>\n<h4 style=\"text-align: left;\" align=\"center\"><\/h4>\n<h4 style=\"text-align: left;\" align=\"center\"><span style=\"font-family: Arial; color: #e64b2b;\"><span lang=\"de\"><span style=\"font-size: 18pt;\">Rechtsausschluss! Auf der Website Wunderblock<\/span><br \/>\n<span style=\"font-size: 18pt;\">wurden Links zu anderen Seiten im Internet gelegt.<\/span><br \/>\n<span style=\"font-size: 18pt;\">Auf keine der fremdverantworteten, gelinkten Seiten, ihren Inhalt oder Gestaltung kann ich<\/span> <span style=\"font-size: 18pt;\">Einfluss nehmen, sodass ich mich ausdr\u00fccklich von allen Inhalten<\/span> <span style=\"font-size: 18pt;\">der gelinkten Seiten und deren Unterseiten distanziere.<\/span><br \/>\n<span style=\"font-size: 18pt;\">Diese Erkl\u00e4rung gilt f\u00fcr alle auf dieser Website ausgebrachten Links<\/span> <span style=\"font-size: 18pt;\">und f\u00fcr alle Inhalte der Seiten, zu denen Links f\u00fchren<\/span>.<br \/>\n<\/span><\/span><\/h4>\n","protected":false},"excerpt":{"rendered":"<p>Klemens Schreiner Jurastr. 22 85131 Wachenzell Klemens.Schreiner@gmx.de Rechtsausschluss! Auf der Website Wunderblock wurden Links zu anderen Seiten im Internet gelegt. Auf keine der fremdverantworteten, gelinkten Seiten, ihren Inhalt oder Gestaltung kann ich Einfluss nehmen, sodass ich mich ausdr\u00fccklich von allen Inhalten der gelinkten Seiten und deren Unterseiten distanziere. Diese Erkl\u00e4rung gilt f\u00fcr alle auf dieser [&hellip;]<\/p>\n","protected":false},"author":1,"featured_media":0,"parent":0,"menu_order":50,"comment_status":"closed","ping_status":"closed","template":"","meta":{"footnotes":""},"class_list":["post-93","page","type-page","status-publish","hentry","missing-thumbnail"],"_links":{"self":[{"href":"https:\/\/www.wunderblock.de\/index.php?rest_route=\/wp\/v2\/pages\/93","targetHints":{"allow":["GET"]}}],"collection":[{"href":"https:\/\/www.wunderblock.de\/index.php?rest_route=\/wp\/v2\/pages"}],"about":[{"href":"https:\/\/www.wunderblock.de\/index.php?rest_route=\/wp\/v2\/types\/page"}],"author":[{"embeddable":true,"href":"https:\/\/www.wunderblock.de\/index.php?rest_route=\/wp\/v2\/users\/1"}],"replies":[{"embeddable":true,"href":"https:\/\/www.wunderblock.de\/index.php?rest_route=%2Fwp%2Fv2%2Fcomments&post=93"}],"version-history":[{"count":7,"href":"https:\/\/www.wunderblock.de\/index.php?rest_route=\/wp\/v2\/pages\/93\/revisions"}],"predecessor-version":[{"id":1261,"href":"https:\/\/www.wunderblock.de\/index.php?rest_route=\/wp\/v2\/pages\/93\/revisions\/1261"}],"wp:attachment":[{"href":"https:\/\/www.wunderblock.de\/index.php?rest_route=%2Fwp%2Fv2%2Fmedia&parent=93"}],"curies":[{"name":"wp","href":"https:\/\/api.w.org\/{rel}","templated":true}]}}