{"id":257,"date":"2018-08-18T13:01:25","date_gmt":"2018-08-18T11:01:25","guid":{"rendered":"http:\/\/www.wunderblock.de\/wunderblog\/?page_id=257"},"modified":"2021-03-10T21:07:13","modified_gmt":"2021-03-10T19:07:13","slug":"editorial","status":"publish","type":"page","link":"https:\/\/www.wunderblock.de\/?page_id=257","title":{"rendered":"Editorial"},"content":{"rendered":"<div class=\"shariff shariff-align-center shariff-widget-align-center\" style=\"display:none\" data-services=\"pinterest%7Cfacebook\" data-url=\"https:\/\/www.wunderblock.de\/?page_id=257\" data-timestamp=\"1615410433\" data-backendurl=\"?rest_route=\/shariff\/v1\/share_counts&\"><ul class=\"shariff-buttons theme-round orientation-horizontal buttonsize-medium\"><li class=\"shariff-button pinterest shariff-nocustomcolor\" style=\"background-color:#e70f18\"><a href=\"https:\/\/www.pinterest.com\/pin\/create\/link\/?url=https%3A%2F%2Fwww.wunderblock.de%2F%3Fpage_id%3D257&media=https%3A%2F%2Fwww.wunderblock.de%2Fwp-content%2Fplugins%2Fshariff%2Fimages%2FdefaultHint.png&description=Editorial\" title=\"Bei Pinterest pinnen\" aria-label=\"Bei Pinterest pinnen\" role=\"button\" rel=\"noopener nofollow\" class=\"shariff-link\" style=\"; background-color:#cb2027; color:#fff\" target=\"_blank\"><span class=\"shariff-icon\" style=\"\"><svg width=\"32px\" height=\"20px\" xmlns=\"http:\/\/www.w3.org\/2000\/svg\" viewBox=\"0 0 27 32\"><path fill=\"#cb2027\" d=\"M27.4 16q0 3.7-1.8 6.9t-5 5-6.9 1.9q-2 0-3.9-0.6 1.1-1.7 1.4-2.9 0.2-0.6 1-3.8 0.4 0.7 1.3 1.2t2 0.5q2.1 0 3.8-1.2t2.7-3.4 0.9-4.8q0-2-1.1-3.8t-3.1-2.9-4.5-1.2q-1.9 0-3.5 0.5t-2.8 1.4-2 2-1.2 2.3-0.4 2.4q0 1.9 0.7 3.3t2.1 2q0.5 0.2 0.7-0.4 0-0.1 0.1-0.5t0.2-0.5q0.1-0.4-0.2-0.8-0.9-1.1-0.9-2.7 0-2.7 1.9-4.6t4.9-2q2.7 0 4.2 1.5t1.5 3.8q0 3-1.2 5.2t-3.1 2.1q-1.1 0-1.7-0.8t-0.4-1.9q0.1-0.6 0.5-1.7t0.5-1.8 0.2-1.4q0-0.9-0.5-1.5t-1.4-0.6q-1.1 0-1.9 1t-0.8 2.6q0 1.3 0.4 2.2l-1.8 7.5q-0.3 1.2-0.2 3.2-3.7-1.6-6-5t-2.3-7.6q0-3.7 1.9-6.9t5-5 6.9-1.9 6.9 1.9 5 5 1.8 6.9z\"\/><\/svg><\/span><\/a><\/li><li class=\"shariff-button facebook shariff-nocustomcolor\" style=\"background-color:#4273c8\"><a href=\"https:\/\/www.facebook.com\/sharer\/sharer.php?u=https%3A%2F%2Fwww.wunderblock.de%2F%3Fpage_id%3D257\" title=\"Bei Facebook teilen\" aria-label=\"Bei Facebook teilen\" role=\"button\" rel=\"nofollow\" class=\"shariff-link\" style=\"; background-color:#3b5998; color:#fff\" target=\"_blank\"><span class=\"shariff-icon\" style=\"\"><svg width=\"32px\" height=\"20px\" xmlns=\"http:\/\/www.w3.org\/2000\/svg\" viewBox=\"0 0 18 32\"><path fill=\"#3b5998\" d=\"M17.1 0.2v4.7h-2.8q-1.5 0-2.1 0.6t-0.5 1.9v3.4h5.2l-0.7 5.3h-4.5v13.6h-5.5v-13.6h-4.5v-5.3h4.5v-3.9q0-3.3 1.9-5.2t5-1.8q2.6 0 4.1 0.2z\"\/><\/svg><\/span><\/a><\/li><li class=\"shariff-button twitter shariff-nocustomcolor\" style=\"background-color:#595959\"><a href=\"https:\/\/twitter.com\/share?url=https%3A%2F%2Fwww.wunderblock.de%2F%3Fpage_id%3D257&text=Editorial\" title=\"Bei X teilen\" aria-label=\"Bei X teilen\" role=\"button\" rel=\"noopener nofollow\" class=\"shariff-link\" style=\"; background-color:#000; color:#fff\" target=\"_blank\"><span class=\"shariff-icon\" style=\"\"><svg width=\"32px\" height=\"20px\" xmlns=\"http:\/\/www.w3.org\/2000\/svg\" viewBox=\"0 0 24 24\"><path fill=\"#000\" d=\"M14.258 10.152L23.176 0h-2.113l-7.747 8.813L7.133 0H0l9.352 13.328L0 23.973h2.113l8.176-9.309 6.531 9.309h7.133zm-2.895 3.293l-.949-1.328L2.875 1.56h3.246l6.086 8.523.945 1.328 7.91 11.078h-3.246zm0 0\"\/><\/svg><\/span><\/a><\/li><\/ul><\/div><p style=\"text-align: left;\"><span style=\"font-size: 18pt; font-family: 'Arial', sans-serif; color: #e64b2b;\">In seiner &#8222;Notiz \u00fcber den Wunderblock&#8220; (1925) erl\u00e4utert Sigmund Freud am Beispiel dieses einfachen Ger\u00e4ts seine Vorstellung des seelischen Apparats mit seinen Systemen Bewusst, Vorbewusst, Wahrnehmungsbewusstsein. Der Wunderblock besteht aus einer einfachen Tafel aus Wachs und einem doppelten Deckblatt aus Zelluloid und Wachspapier. Mit einem Stift wird in die Zelluloidschicht gedr\u00fcckt und das Geschriebene wird als dunkle Schrift sichtbar. Hebt man das obere Deckblatt an, verschwindet die Schrift wieder, bleibt aber als Dauerspur in der Wachstafel zur\u00fcck, die immer wieder \u00fcberschrieben werden kann. Der seelische Apparat ist ebenfalls in unbegrenzter Weise aufnahmef\u00e4hig f\u00fcr immer neue Wahrnehmungen und schafft doch dauerhafte, aber nicht unver\u00e4nderliche Erinnerungsspuren.<\/span><\/p>\n<h4 style=\"text-align: left;\"><span style=\"font-size: 18pt; font-family: 'Arial', sans-serif; color: #e64b2b;\">Jeder Computer, aber auch das Internet stellt heute einen modernen Wunderblock dar. Alle auf dem Bildschirm und im RAM verloschenen Texte, Grafiken, Kl\u00e4nge etc. k\u00f6nnen reproduziert werden. Sie haben keinen Ort und k\u00f6nnen doch an jedem Ort, zu jeder Zeit wieder erstehen.<\/span><\/h4>\n<h4 style=\"text-align: left;\"><span style=\"color: #e64b2b; font-size: 18pt;\"><span style=\"font-family: 'Arial', sans-serif;\">In diesem Sinn reihen sich im <\/span><b><span style=\"font-family: 'Arial',sans-serif;\"><span style=\"text-decoration: none;\">WUNDERBLOG<\/span><\/span><\/b><span style=\"font-family: 'Arial', sans-serif;\"> alle Beitr\u00e4ge einer freischwebenden Aufmerksamkeit folgend aneinander. Das<b> <\/b><\/span><b><span style=\"font-family: 'Arial',sans-serif;\"><span style=\"text-decoration: none;\">KONTOR<\/span><\/span><\/b><span style=\"font-family: 'Arial', sans-serif;\"> versammelt in assoziativer Weise Beispiele multipler Kunst von Gastk\u00fcnstlern und <\/span><b><span style=\"font-family: 'Arial', sans-serif;\"><span style=\"text-decoration: none; text-underline: none;\">DER GANZE REST<\/span><\/span><\/b><span style=\"font-family: 'Arial', sans-serif;\"> f\u00fchrt zu verschiedenen eigenst\u00e4ndigen Projekten.<\/span><\/span><\/h4>\n<h4 style=\"text-align: left;\"><span style=\"font-size: 18pt; font-family: 'Arial', sans-serif; color: #e64b2b;\">Der Wunderblock sammelt, archiviert und macht seine &#8222;Erinnerungen&#8220; f\u00fcr jeden verf\u00fcgbar. Er legt Spuren zu neuen Spielr\u00e4umen.<\/span><\/h4>\n<h4 style=\"text-align: left;\"><span style=\"font-size: 18pt; font-family: 'Arial', sans-serif; color: #e64b2b;\">Viel Spa\u00df beim Wundern!<\/span><\/h4>\n","protected":false},"excerpt":{"rendered":"<p>In seiner &#8222;Notiz \u00fcber den Wunderblock&#8220; (1925) erl\u00e4utert Sigmund Freud am Beispiel dieses einfachen Ger\u00e4ts seine Vorstellung des seelischen Apparats mit seinen Systemen Bewusst, Vorbewusst, Wahrnehmungsbewusstsein. Der Wunderblock besteht aus einer einfachen Tafel aus Wachs und einem doppelten Deckblatt aus Zelluloid und Wachspapier. Mit einem Stift wird in die Zelluloidschicht gedr\u00fcckt und das Geschriebene wird [&hellip;]<\/p>\n","protected":false},"author":1,"featured_media":0,"parent":0,"menu_order":40,"comment_status":"closed","ping_status":"closed","template":"","meta":{"footnotes":""},"class_list":["post-257","page","type-page","status-publish","hentry","missing-thumbnail"],"_links":{"self":[{"href":"https:\/\/www.wunderblock.de\/index.php?rest_route=\/wp\/v2\/pages\/257","targetHints":{"allow":["GET"]}}],"collection":[{"href":"https:\/\/www.wunderblock.de\/index.php?rest_route=\/wp\/v2\/pages"}],"about":[{"href":"https:\/\/www.wunderblock.de\/index.php?rest_route=\/wp\/v2\/types\/page"}],"author":[{"embeddable":true,"href":"https:\/\/www.wunderblock.de\/index.php?rest_route=\/wp\/v2\/users\/1"}],"replies":[{"embeddable":true,"href":"https:\/\/www.wunderblock.de\/index.php?rest_route=%2Fwp%2Fv2%2Fcomments&post=257"}],"version-history":[{"count":13,"href":"https:\/\/www.wunderblock.de\/index.php?rest_route=\/wp\/v2\/pages\/257\/revisions"}],"predecessor-version":[{"id":1260,"href":"https:\/\/www.wunderblock.de\/index.php?rest_route=\/wp\/v2\/pages\/257\/revisions\/1260"}],"wp:attachment":[{"href":"https:\/\/www.wunderblock.de\/index.php?rest_route=%2Fwp%2Fv2%2Fmedia&parent=257"}],"curies":[{"name":"wp","href":"https:\/\/api.w.org\/{rel}","templated":true}]}}